{"id":675,"date":"2017-05-05T07:49:41","date_gmt":"2017-05-05T07:49:41","guid":{"rendered":"https:\/\/anisengrano.com\/nuestro-anis\/"},"modified":"2017-06-20T22:41:17","modified_gmt":"2017-06-20T22:41:17","slug":"unser-anis","status":"publish","type":"page","link":"https:\/\/anisengrano.com\/de\/unser-anis\/","title":{"rendered":"Unser Anis"},"content":{"rendered":"<div class=\"wpb-content-wrapper\"><p>[vc_row css_animation=&#8220;&#8220; row_type=&#8220;row&#8220; use_row_as_full_screen_section=&#8220;no&#8220; type=&#8220;grid&#8220; anchor=&#8220;about&#8220; angled_section=&#8220;no&#8220; text_align=&#8220;left&#8220; background_image_as_pattern=&#8220;without_pattern&#8220;][vc_column][vc_empty_space height=&#8220;50px&#8220;][vc_column_text]<\/p>\n<h2 style=\"text-align: center;\">Das Produkt<\/h2>\n<p>[\/vc_column_text][vc_empty_space height=&#8220;30px&#8220;][vc_row_inner row_type=&#8220;row&#8220; type=&#8220;full_width&#8220; text_align=&#8220;left&#8220; css_animation=&#8220;&#8220;][vc_column_inner width=&#8220;3\/4&#8243;][vc_column_text]Wir sind auf Anis (Pimpinella anisum) spezialisiert, ein Produkt, das ebenfalls als gr\u00fcner Anis, s\u00fc\u00dfer Anis und Matalahuga bezeichnet wird.<\/p>\n<p>Es gibt zwei verschiedene Kornsorten: Gr\u00fcn und braun. Der Unterschied ist auf den Zustand der Pflanze bei der Anisernte zur\u00fcckzuf\u00fchren. Die Eigenschaften im Hinblick auf Aroma und Geschmack unterscheiden sich und werden nachfolgend erl\u00e4utert.<\/p>\n<p>Unser gesamter Anbau befindet sich in Andalusien, wo das Mittelmeerklima gemeinsam mit der Bodenqualit\u00e4t daf\u00fcr sorgt, dass sich unser Anis durch seine Eigenschaften von der Konkurrenz abhebt.[\/vc_column_text][\/vc_column_inner][vc_column_inner width=&#8220;1\/4&#8243;][vc_single_image image=&#8220;514&#8243; img_size=&#8220;full&#8220; qode_css_animation=&#8220;&#8220;][\/vc_column_inner][\/vc_row_inner][vc_empty_space height=&#8220;50px&#8220;][\/vc_column][\/vc_row][vc_row css_animation=&#8220;&#8220; row_type=&#8220;row&#8220; use_row_as_full_screen_section=&#8220;no&#8220; type=&#8220;full_width&#8220; angled_section=&#8220;no&#8220; text_align=&#8220;left&#8220; background_image_as_pattern=&#8220;without_pattern&#8220;][vc_column]<div class=\"call_to_action normal\" style=\"background-color: #35a056;\"><div class=\"container_inner\"><div class=\"two_columns_75_25 clearfix\"><div class=\"text_wrapper column1\"><div class=\"call_to_action_text \" style=\"\">\n<h3><span style=\"color: #ffffff\">Kontaktieren Sie uns und erhalten Sie weitere Informationen ohne Verpflichtung<\/span><\/h3>\n<\/div><\/div><div class=\"button_wrapper column2\"><a itemprop=\"url\" href=\"\/de\/kontakt\/\" class=\"qbutton white small\" target=\"\" style=\"color: #ffffff;border-color: #35a056;background-color:#000000;\" data-hover-background-color=#ffffff data-hover-border-color=#35a056 data-hover-color=#35a056>KONTAKT<\/a><\/div><\/div><\/div><\/div>[\/vc_column][\/vc_row][vc_row css_animation=&#8220;&#8220; row_type=&#8220;row&#8220; use_row_as_full_screen_section=&#8220;no&#8220; type=&#8220;grid&#8220; angled_section=&#8220;no&#8220; text_align=&#8220;left&#8220; background_image_as_pattern=&#8220;without_pattern&#8220;][vc_column][vc_empty_space height=&#8220;50px&#8220;][vc_column_text]<\/p>\n<h2 style=\"text-align: center;\">Nuestros Productos<\/h2>\n<p>[\/vc_column_text][vc_row_inner row_type=&#8220;row&#8220; type=&#8220;full_width&#8220; text_align=&#8220;left&#8220; css_animation=&#8220;&#8220;][vc_column_inner width=&#8220;1\/4&#8243;][vc_empty_space height=&#8220;30px&#8220;][vc_single_image image=&#8220;613&#8243; img_size=&#8220;full&#8220; alignment=&#8220;center&#8220; qode_css_animation=&#8220;&#8220;][vc_column_text]<\/p>\n<h4 style=\"text-align: center;\">Broure Anis<br \/>\nDer H\u00f6chstgehalt an Verunreinigungen 0,20%<\/h4>\n<p>[\/vc_column_text][\/vc_column_inner][vc_column_inner width=&#8220;1\/4&#8243;][vc_empty_space height=&#8220;30px&#8220;][vc_single_image image=&#8220;590&#8243; img_size=&#8220;full&#8220; alignment=&#8220;center&#8220; qode_css_animation=&#8220;&#8220;][vc_column_text]<\/p>\n<h4 style=\"text-align: center;\">Gr\u00fcne Anis<br \/>\nDer H\u00f6chstgehalt an Verunreinigungen 0,20%<\/h4>\n<p>[\/vc_column_text][\/vc_column_inner][vc_column_inner width=&#8220;1\/4&#8243;][vc_empty_space height=&#8220;30px&#8220;][vc_single_image image=&#8220;588&#8243; img_size=&#8220;full&#8220; alignment=&#8220;center&#8220; qode_css_animation=&#8220;&#8220;][vc_column_text]<\/p>\n<h4 style=\"text-align: center;\">D\u00fcnnes zerquetschtes braunes Anis<\/h4>\n<p>[\/vc_column_text][\/vc_column_inner][vc_column_inner width=&#8220;1\/4&#8243;][vc_empty_space height=&#8220;30px&#8220;][vc_single_image image=&#8220;589&#8243; img_size=&#8220;full&#8220; alignment=&#8220;center&#8220; qode_css_animation=&#8220;&#8220;][vc_column_text]<\/p>\n<h4 style=\"text-align: center;\">Grob zerkleinerten braunen Anis<\/h4>\n<p>[\/vc_column_text][\/vc_column_inner][\/vc_row_inner][vc_row_inner row_type=&#8220;row&#8220; type=&#8220;full_width&#8220; text_align=&#8220;left&#8220; css_animation=&#8220;&#8220;][vc_column_inner width=&#8220;1\/3&#8243;][vc_empty_space height=&#8220;30px&#8220;][vc_single_image image=&#8220;612&#8243; img_size=&#8220;full&#8220; alignment=&#8220;center&#8220; qode_css_animation=&#8220;&#8220;][vc_column_text]<\/p>\n<h4 style=\"text-align: center;\">Broure Anis<br \/>\nDer H\u00f6chstgehalt an Verunreinigungen 1%<\/h4>\n<p>[\/vc_column_text][\/vc_column_inner][vc_column_inner width=&#8220;1\/3&#8243;][vc_empty_space height=&#8220;30px&#8220;][vc_single_image image=&#8220;615&#8243; img_size=&#8220;full&#8220; alignment=&#8220;center&#8220; qode_css_animation=&#8220;&#8220;][vc_column_text]<\/p>\n<h4 style=\"text-align: center;\">Broure Anis<br \/>\nDer H\u00f6chstgehalt an Verunreinigungen 2%<\/h4>\n<p>[\/vc_column_text][\/vc_column_inner][vc_column_inner width=&#8220;1\/3&#8243;][vc_empty_space height=&#8220;30px&#8220;][vc_single_image image=&#8220;609&#8243; img_size=&#8220;full&#8220; alignment=&#8220;center&#8220; qode_css_animation=&#8220;&#8220;][vc_column_text]<\/p>\n<h4 style=\"text-align: center;\">Broure Anis<br \/>\nDer H\u00f6chstgehalt an Verunreinigungen 3%<\/h4>\n<p>[\/vc_column_text][\/vc_column_inner][\/vc_row_inner][vc_empty_space height=&#8220;50px&#8220;][\/vc_column][\/vc_row][vc_row css_animation=&#8220;&#8220; row_type=&#8220;row&#8220; use_row_as_full_screen_section=&#8220;no&#8220; type=&#8220;full_width&#8220; angled_section=&#8220;no&#8220; text_align=&#8220;left&#8220; background_image_as_pattern=&#8220;without_pattern&#8220;][vc_column]<div class=\"call_to_action normal\" style=\"background-color: #35a056;\"><div class=\"container_inner\"><div class=\"two_columns_75_25 clearfix\"><div class=\"text_wrapper column1\"><div class=\"call_to_action_text \" style=\"\">\n<h3><span style=\"color: #ffffff\">Laden Sie unseren Katalog hier<\/span><\/h3>\n<\/div><\/div><div class=\"button_wrapper column2\"><a itemprop=\"url\" href=\"\/catalogo-anis-en-grano-sancho-2017.pdf\" class=\"qbutton white small\" target=\"_blank\" style=\"border-color: #35a056;background-color:#000000;\" data-hover-background-color=#ffffff data-hover-border-color=#35a056 data-hover-color=#35a056>KATALOG<\/a><\/div><\/div><\/div><\/div>[\/vc_column][\/vc_row][vc_row css_animation=&#8220;&#8220; row_type=&#8220;row&#8220; use_row_as_full_screen_section=&#8220;no&#8220; type=&#8220;grid&#8220; angled_section=&#8220;no&#8220; text_align=&#8220;left&#8220; background_image_as_pattern=&#8220;without_pattern&#8220;][vc_column][vc_empty_space height=&#8220;50px&#8220;][vc_column_text]<\/p>\n<h2 style=\"text-align: center;\">Eigenschaften<\/h2>\n<p>[\/vc_column_text][vc_empty_space height=&#8220;30px&#8220;][vc_column_text]Unsere Anislieferungen sorgen aufgrund des <strong>geringen Gehalts an Verunreinigungen<\/strong> und einer ganzen Reihe von <strong>einzigartigen Merkmalen<\/strong> f\u00fcr eine <strong>qualitative Aufwertung des Endprodukts<\/strong> unserer Kunden, unter Gew\u00e4hrleistung einer h\u00f6heren Effizienz des Herstellungsverfahrens.[\/vc_column_text][vc_empty_space height=&#8220;30px&#8220;][vc_row_inner row_type=&#8220;row&#8220; type=&#8220;full_width&#8220; text_align=&#8220;left&#8220; css_animation=&#8220;&#8220;][vc_column_inner width=&#8220;1\/2&#8243;][vc_empty_space height=&#8220;20px&#8220;][vc_single_image image=&#8220;510&#8243; img_size=&#8220;full&#8220; qode_css_animation=&#8220;&#8220;][vc_empty_space height=&#8220;20px&#8220;][vc_column_text]<\/p>\n<h3 style=\"text-align: center;\">Aroma und Geschmack<\/h3>\n<p>[\/vc_column_text][vc_empty_space height=&#8220;20px&#8220;][vc_column_text]Merkmale, die f\u00fcr Unternehmen aus der Gew\u00fcrz- und der Konditoreibranche, f\u00fcr Hersteller von Saucen, Gew\u00fcrzmischungen und Kr\u00e4utertees die gr\u00f6\u00dfte Bedeutung besitzen.<\/p>\n<p>Der braune Anis besitzt eine st\u00e4rkere S\u00fc\u00dfe und Intensit\u00e4t, w\u00e4hrend der gr\u00fcne Anis einen frischen Geschmack entfaltet.[\/vc_column_text][\/vc_column_inner][vc_column_inner width=&#8220;1\/2&#8243;][vc_empty_space height=&#8220;20px&#8220;][vc_single_image image=&#8220;508&#8243; img_size=&#8220;full&#8220; alignment=&#8220;center&#8220; qode_css_animation=&#8220;&#8220;][vc_empty_space height=&#8220;20px&#8220;][vc_column_text]<\/p>\n<h3 style=\"text-align: center;\">Gr\u00f6\u00dfe und Form der K\u00f6rner<\/h3>\n<p>[\/vc_column_text][vc_empty_space height=&#8220;20px&#8220;][vc_column_text]Spanischer Anis zeichnet sich durch gro\u00dfkalibrige, abgerundete K\u00f6rner aus.<\/p>\n<p>Dieser Anis ist ideal f\u00fcr Gew\u00fcrzzubereitungen f\u00fcr die Lebensmittelindustrie, in denen das Produkt mit anderen Zutaten vermengt wird, wie beispielsweise in Bonbons oder Gew\u00fcrzmischungen f\u00fcr die Konditoreibranche.[\/vc_column_text][\/vc_column_inner][\/vc_row_inner][vc_empty_space height=&#8220;30px&#8220;][vc_row_inner row_type=&#8220;row&#8220; type=&#8220;full_width&#8220; text_align=&#8220;left&#8220; css_animation=&#8220;&#8220;][vc_column_inner width=&#8220;1\/2&#8243;][vc_empty_space height=&#8220;20px&#8220;][vc_single_image image=&#8220;505&#8243; img_size=&#8220;full&#8220; qode_css_animation=&#8220;&#8220;][vc_empty_space height=&#8220;20px&#8220;][vc_column_text]<\/p>\n<h3 style=\"text-align: center;\">\u00c4therisches \u00d6l<\/h3>\n<p>[\/vc_column_text][vc_empty_space height=&#8220;20px&#8220;][vc_column_text]Eigenschaft, die f\u00fcr Brennereien im Zusammenhang mit der Erzeugung von Anislik\u00f6ren sowie f\u00fcr die pharmazeutische Industrie von Bedeutung ist.<\/p>\n<p>Der hohe Gehalt an \u00e4therischen \u00d6len erleichtert das Destillierverfahren und die industrielle Extraktion. Das Produkt wird unter Ber\u00fccksichtigung des industriellen Bedarfs unserer Kunden klassifiziert und ausgew\u00e4hlt.[\/vc_column_text][\/vc_column_inner][vc_column_inner width=&#8220;1\/2&#8243;][vc_empty_space height=&#8220;20px&#8220;][vc_single_image image=&#8220;478&#8243; img_size=&#8220;full&#8220; qode_css_animation=&#8220;&#8220;][vc_empty_space height=&#8220;20px&#8220;][vc_column_text]<\/p>\n<h3 style=\"text-align: center;\">Reinigung<\/h3>\n<p>[\/vc_column_text][vc_empty_space height=&#8220;20px&#8220;][vc_column_text]Unser Anis weist erntebedingte Verunreinigungen zwischen 3,00\u00a0% und 0,20\u00a0% auf.<\/p>\n<p>Eine h\u00f6here Reinheit kommt den Ergebnissen im Rahmen des Herstellungsverfahrens zugute, weil sie mit hochwertigeren Endprodukten und einer Kostenreduzierung bei der Erzeugung und der Destillierung einhergeht.[\/vc_column_text][\/vc_column_inner][\/vc_row_inner][vc_empty_space height=&#8220;50px&#8220;][\/vc_column][\/vc_row][vc_row css_animation=&#8220;&#8220; row_type=&#8220;row&#8220; use_row_as_full_screen_section=&#8220;no&#8220; type=&#8220;grid&#8220; angled_section=&#8220;no&#8220; text_align=&#8220;center&#8220; background_image_as_pattern=&#8220;without_pattern&#8220; background_color=&#8220;#35a056&#8243;][vc_column][vc_empty_space height=&#8220;50px&#8220;][vc_column_text]<\/p>\n<h2 style=\"text-align: center;\"><span style=\"color: #ffffff;\">Verunreinigungen aus dem Sammelprozess<\/span><\/h2>\n<p>[\/vc_column_text][vc_empty_space height=&#8220;30px&#8220;][vc_column_text]<span style=\"color: #ffffff;\">Die folgenden Bilder zeigen die verschiedenen Arten von Restverunreinigungen unserer spezialisierten Reinigungsverfahren gereinigt. R\u00fcckst\u00e4nde sind nat\u00fcrliche Materialien, die w\u00e4hrend der Ernte gesammelt.<\/span>[\/vc_column_text][vc_row_inner row_type=&#8220;row&#8220; type=&#8220;full_width&#8220; text_align=&#8220;left&#8220; css_animation=&#8220;&#8220;][vc_column_inner width=&#8220;1\/3&#8243;][vc_empty_space height=&#8220;30px&#8220;][vc_single_image image=&#8220;546&#8243; img_size=&#8220;full&#8220; alignment=&#8220;center&#8220; qode_css_animation=&#8220;&#8220;][vc_column_text]<\/p>\n<h3 style=\"text-align: center;\"><span style=\"color: #ffffff;\">D\u00fcnne fl\u00fcchtige St\u00f6cke<\/span><\/h3>\n<p>[\/vc_column_text][\/vc_column_inner][vc_column_inner width=&#8220;1\/3&#8243;][vc_empty_space height=&#8220;30px&#8220;][vc_single_image image=&#8220;547&#8243; img_size=&#8220;full&#8220; alignment=&#8220;center&#8220; qode_css_animation=&#8220;&#8220;][vc_column_text]<\/p>\n<h3 style=\"text-align: center;\"><span style=\"color: #ffffff;\">Kleine Steine<\/span><\/h3>\n<p>[\/vc_column_text][\/vc_column_inner][vc_column_inner width=&#8220;1\/3&#8243;][vc_empty_space height=&#8220;30px&#8220;][vc_single_image image=&#8220;549&#8243; img_size=&#8220;full&#8220; alignment=&#8220;center&#8220; qode_css_animation=&#8220;&#8220;][vc_column_text]<\/p>\n<h3 style=\"text-align: center;\"><span style=\"color: #ffffff;\">Fl\u00fcchtige feine R\u00fcckst\u00e4nde<\/span><\/h3>\n<p>[\/vc_column_text][\/vc_column_inner][\/vc_row_inner][vc_row_inner row_type=&#8220;row&#8220; type=&#8220;full_width&#8220; text_align=&#8220;left&#8220; css_animation=&#8220;&#8220;][vc_column_inner width=&#8220;1\/3&#8243;][vc_empty_space height=&#8220;30px&#8220;][vc_single_image image=&#8220;551&#8243; img_size=&#8220;full&#8220; alignment=&#8220;center&#8220; qode_css_animation=&#8220;&#8220;][vc_column_text]<\/p>\n<h3 style=\"text-align: center;\"><span style=\"color: #ffffff;\">Echte Koriander<\/span><\/h3>\n<p>[\/vc_column_text][\/vc_column_inner][vc_column_inner width=&#8220;1\/3&#8243;][vc_empty_space height=&#8220;30px&#8220;][vc_single_image image=&#8220;552&#8243; img_size=&#8220;full&#8220; alignment=&#8220;center&#8220; qode_css_animation=&#8220;&#8220;][vc_column_text]<\/p>\n<h3 style=\"text-align: center;\"><span style=\"color: #ffffff;\">Bl\u00fctenmischung<\/span><\/h3>\n<p>[\/vc_column_text][\/vc_column_inner][vc_column_inner width=&#8220;1\/3&#8243;][vc_empty_space height=&#8220;30px&#8220;][vc_single_image image=&#8220;553&#8243; img_size=&#8220;full&#8220; alignment=&#8220;center&#8220; qode_css_animation=&#8220;&#8220;][vc_column_text]<\/p>\n<h3 style=\"text-align: center;\"><span style=\"color: #ffffff;\">Bl\u00fctenmischung<\/span><\/h3>\n<p>[\/vc_column_text][\/vc_column_inner][\/vc_row_inner][vc_row_inner row_type=&#8220;row&#8220; type=&#8220;full_width&#8220; text_align=&#8220;left&#8220; css_animation=&#8220;&#8220;][vc_column_inner width=&#8220;1\/3&#8243;][vc_empty_space height=&#8220;30px&#8220;][vc_single_image image=&#8220;554&#8243; img_size=&#8220;full&#8220; alignment=&#8220;center&#8220; qode_css_animation=&#8220;&#8220;][vc_column_text]<\/p>\n<h3 style=\"text-align: center;\"><span style=\"color: #ffffff;\">Convolvulaceae<\/span><\/h3>\n<p>[\/vc_column_text][\/vc_column_inner][vc_column_inner width=&#8220;1\/3&#8243;][vc_empty_space height=&#8220;30px&#8220;][vc_single_image image=&#8220;555&#8243; img_size=&#8220;full&#8220; alignment=&#8220;center&#8220; qode_css_animation=&#8220;&#8220;][vc_column_text]<\/p>\n<h3 style=\"text-align: center;\"><span style=\"color: #ffffff;\">Starke St\u00f6cke<\/span><\/h3>\n<p>[\/vc_column_text][\/vc_column_inner][vc_column_inner width=&#8220;1\/3&#8243;][vc_empty_space height=&#8220;30px&#8220;][vc_single_image image=&#8220;556&#8243; img_size=&#8220;full&#8220; alignment=&#8220;center&#8220; qode_css_animation=&#8220;&#8220;][vc_column_text]<\/p>\n<h3 style=\"text-align: center;\"><span style=\"color: #ffffff;\">Starke St\u00f6cke<\/span><\/h3>\n<p>[\/vc_column_text][\/vc_column_inner][\/vc_row_inner][vc_empty_space height=&#8220;50px&#8220;][\/vc_column][\/vc_row][vc_row css_animation=&#8220;&#8220; row_type=&#8220;row&#8220; use_row_as_full_screen_section=&#8220;no&#8220; type=&#8220;grid&#8220; angled_section=&#8220;no&#8220; text_align=&#8220;left&#8220; background_image_as_pattern=&#8220;without_pattern&#8220;][vc_column][vc_empty_space height=&#8220;50px&#8220;][vc_column_text]<\/p>\n<h2 style=\"text-align: center;\">Abpackung<\/h2>\n<p>[\/vc_column_text][vc_empty_space height=&#8220;30px&#8220;][vc_row_inner row_type=&#8220;row&#8220; type=&#8220;full_width&#8220; text_align=&#8220;left&#8220; css_animation=&#8220;&#8220;][vc_column_inner width=&#8220;2\/3&#8243;][vc_column_text]Wir bieten verschiedene Standardformate an, passen uns jedoch gerne an das von unseren Kunden ben\u00f6tigte Format an.<\/p>\n<p>Abpackung in Bast- oder Jutes\u00e4cke mit einem Gewicht von 25\u00a0kg, 40\u00a0kg und 50\u00a0kg. Wir bieten ebenfalls einen Big-Bag mit 600\u00a0kg Gewicht an.[\/vc_column_text][vc_empty_space height=&#8220;18px&#8220;][vc_single_image image=&#8220;473&#8243; img_size=&#8220;full&#8220; alignment=&#8220;center&#8220; qode_css_animation=&#8220;&#8220;][\/vc_column_inner][vc_column_inner width=&#8220;1\/3&#8243;][vc_single_image image=&#8220;474&#8243; img_size=&#8220;full&#8220; alignment=&#8220;center&#8220; qode_css_animation=&#8220;&#8220;][\/vc_column_inner][\/vc_row_inner][vc_empty_space height=&#8220;50px&#8220;][\/vc_column][\/vc_row]<\/p>\n<\/div>","protected":false},"excerpt":{"rendered":"<p>[vc_row css_animation=&#8220;&#8220; row_type=&#8220;row&#8220; use_row_as_full_screen_section=&#8220;no&#8220; type=&#8220;grid&#8220; anchor=&#8220;about&#8220; angled_section=&#8220;no&#8220; text_align=&#8220;left&#8220; background_image_as_pattern=&#8220;without_pattern&#8220;][vc_column][vc_empty_space height=&#8220;50px&#8220;][vc_column_text] Das Produkt [\/vc_column_text][vc_empty_space height=&#8220;30px&#8220;][vc_row_inner row_type=&#8220;row&#8220; type=&#8220;full_width&#8220; text_align=&#8220;left&#8220; css_animation=&#8220;&#8220;][vc_column_inner width=&#8220;3\/4&#8243;][vc_column_text]Wir sind auf Anis (Pimpinella anisum) spezialisiert, ein Produkt, das ebenfalls als gr\u00fcner Anis, s\u00fc\u00dfer Anis und Matalahuga bezeichnet wird. Es gibt zwei verschiedene Kornsorten: Gr\u00fcn und&#8230;<\/p>\n","protected":false},"author":1,"featured_media":0,"parent":0,"menu_order":0,"comment_status":"closed","ping_status":"closed","template":"full_width.php","meta":{"footnotes":""},"class_list":["post-675","page","type-page","status-publish","hentry"],"yoast_head":"<!-- This site is optimized with the Yoast SEO plugin v27.4 - https:\/\/yoast.com\/product\/yoast-seo-wordpress\/ -->\n<title>Hochwertiger spanischer Anis \u2013 An\u00eds en Grano Sancho<\/title>\n<meta name=\"description\" content=\"In Spanien angebauter Anis, hoher Gehalt an \u00e4therischem \u00d6l, speziell f\u00fcr den Gew\u00fcrzbedarf, ohne Verunreinigungen. Auf Ihre Anforderungen abgestimmt.\" \/>\n<meta name=\"robots\" content=\"index, follow, max-snippet:-1, max-image-preview:large, max-video-preview:-1\" \/>\n<link rel=\"canonical\" href=\"https:\/\/anisengrano.com\/de\/unser-anis\/\" \/>\n<meta property=\"og:locale\" content=\"de_DE\" \/>\n<meta property=\"og:type\" content=\"article\" \/>\n<meta property=\"og:title\" content=\"Hochwertiger spanischer Anis \u2013 An\u00eds en Grano Sancho\" \/>\n<meta property=\"og:description\" content=\"In Spanien angebauter Anis, hoher Gehalt an \u00e4therischem \u00d6l, speziell f\u00fcr den Gew\u00fcrzbedarf, ohne Verunreinigungen. Auf Ihre Anforderungen abgestimmt.\" \/>\n<meta property=\"og:url\" content=\"https:\/\/anisengrano.com\/de\/unser-anis\/\" \/>\n<meta property=\"og:site_name\" content=\"An\u00eds en Grano Sancho\" \/>\n<meta property=\"article:modified_time\" content=\"2017-06-20T22:41:17+00:00\" \/>\n<meta name=\"twitter:card\" content=\"summary_large_image\" \/>\n<meta name=\"twitter:label1\" content=\"Gesch\u00e4tzte Lesezeit\" \/>\n\t<meta name=\"twitter:data1\" content=\"9\u00a0Minuten\" \/>\n<script type=\"application\/ld+json\" class=\"yoast-schema-graph\">{\"@context\":\"https:\\\/\\\/schema.org\",\"@graph\":[{\"@type\":\"WebPage\",\"@id\":\"https:\\\/\\\/anisengrano.com\\\/de\\\/unser-anis\\\/\",\"url\":\"https:\\\/\\\/anisengrano.com\\\/de\\\/unser-anis\\\/\",\"name\":\"Hochwertiger spanischer Anis \u2013 An\u00eds en Grano Sancho\",\"isPartOf\":{\"@id\":\"https:\\\/\\\/anisengrano.com\\\/#website\"},\"datePublished\":\"2017-05-05T07:49:41+00:00\",\"dateModified\":\"2017-06-20T22:41:17+00:00\",\"description\":\"In Spanien angebauter Anis, hoher Gehalt an \u00e4therischem \u00d6l, speziell f\u00fcr den Gew\u00fcrzbedarf, ohne Verunreinigungen. Auf Ihre Anforderungen abgestimmt.\",\"breadcrumb\":{\"@id\":\"https:\\\/\\\/anisengrano.com\\\/de\\\/unser-anis\\\/#breadcrumb\"},\"inLanguage\":\"de\",\"potentialAction\":[{\"@type\":\"ReadAction\",\"target\":[\"https:\\\/\\\/anisengrano.com\\\/de\\\/unser-anis\\\/\"]}]},{\"@type\":\"BreadcrumbList\",\"@id\":\"https:\\\/\\\/anisengrano.com\\\/de\\\/unser-anis\\\/#breadcrumb\",\"itemListElement\":[{\"@type\":\"ListItem\",\"position\":1,\"name\":\"Portada\",\"item\":\"https:\\\/\\\/anisengrano.com\\\/de\\\/\"},{\"@type\":\"ListItem\",\"position\":2,\"name\":\"Unser Anis\"}]},{\"@type\":\"WebSite\",\"@id\":\"https:\\\/\\\/anisengrano.com\\\/#website\",\"url\":\"https:\\\/\\\/anisengrano.com\\\/\",\"name\":\"An\u00eds en Grano Sancho\",\"description\":\"Exportadores y distribuidores de An\u00eds en Grano\",\"potentialAction\":[{\"@type\":\"SearchAction\",\"target\":{\"@type\":\"EntryPoint\",\"urlTemplate\":\"https:\\\/\\\/anisengrano.com\\\/?s={search_term_string}\"},\"query-input\":{\"@type\":\"PropertyValueSpecification\",\"valueRequired\":true,\"valueName\":\"search_term_string\"}}],\"inLanguage\":\"de\"}]}<\/script>\n<!-- \/ Yoast SEO plugin. -->","yoast_head_json":{"title":"Hochwertiger spanischer Anis \u2013 An\u00eds en Grano Sancho","description":"In Spanien angebauter Anis, hoher Gehalt an \u00e4therischem \u00d6l, speziell f\u00fcr den Gew\u00fcrzbedarf, ohne Verunreinigungen. Auf Ihre Anforderungen abgestimmt.","robots":{"index":"index","follow":"follow","max-snippet":"max-snippet:-1","max-image-preview":"max-image-preview:large","max-video-preview":"max-video-preview:-1"},"canonical":"https:\/\/anisengrano.com\/de\/unser-anis\/","og_locale":"de_DE","og_type":"article","og_title":"Hochwertiger spanischer Anis \u2013 An\u00eds en Grano Sancho","og_description":"In Spanien angebauter Anis, hoher Gehalt an \u00e4therischem \u00d6l, speziell f\u00fcr den Gew\u00fcrzbedarf, ohne Verunreinigungen. Auf Ihre Anforderungen abgestimmt.","og_url":"https:\/\/anisengrano.com\/de\/unser-anis\/","og_site_name":"An\u00eds en Grano Sancho","article_modified_time":"2017-06-20T22:41:17+00:00","twitter_card":"summary_large_image","twitter_misc":{"Gesch\u00e4tzte Lesezeit":"9\u00a0Minuten"},"schema":{"@context":"https:\/\/schema.org","@graph":[{"@type":"WebPage","@id":"https:\/\/anisengrano.com\/de\/unser-anis\/","url":"https:\/\/anisengrano.com\/de\/unser-anis\/","name":"Hochwertiger spanischer Anis \u2013 An\u00eds en Grano Sancho","isPartOf":{"@id":"https:\/\/anisengrano.com\/#website"},"datePublished":"2017-05-05T07:49:41+00:00","dateModified":"2017-06-20T22:41:17+00:00","description":"In Spanien angebauter Anis, hoher Gehalt an \u00e4therischem \u00d6l, speziell f\u00fcr den Gew\u00fcrzbedarf, ohne Verunreinigungen. Auf Ihre Anforderungen abgestimmt.","breadcrumb":{"@id":"https:\/\/anisengrano.com\/de\/unser-anis\/#breadcrumb"},"inLanguage":"de","potentialAction":[{"@type":"ReadAction","target":["https:\/\/anisengrano.com\/de\/unser-anis\/"]}]},{"@type":"BreadcrumbList","@id":"https:\/\/anisengrano.com\/de\/unser-anis\/#breadcrumb","itemListElement":[{"@type":"ListItem","position":1,"name":"Portada","item":"https:\/\/anisengrano.com\/de\/"},{"@type":"ListItem","position":2,"name":"Unser Anis"}]},{"@type":"WebSite","@id":"https:\/\/anisengrano.com\/#website","url":"https:\/\/anisengrano.com\/","name":"An\u00eds en Grano Sancho","description":"Exportadores y distribuidores de An\u00eds en Grano","potentialAction":[{"@type":"SearchAction","target":{"@type":"EntryPoint","urlTemplate":"https:\/\/anisengrano.com\/?s={search_term_string}"},"query-input":{"@type":"PropertyValueSpecification","valueRequired":true,"valueName":"search_term_string"}}],"inLanguage":"de"}]}},"_links":{"self":[{"href":"https:\/\/anisengrano.com\/de\/wp-json\/wp\/v2\/pages\/675","targetHints":{"allow":["GET"]}}],"collection":[{"href":"https:\/\/anisengrano.com\/de\/wp-json\/wp\/v2\/pages"}],"about":[{"href":"https:\/\/anisengrano.com\/de\/wp-json\/wp\/v2\/types\/page"}],"author":[{"embeddable":true,"href":"https:\/\/anisengrano.com\/de\/wp-json\/wp\/v2\/users\/1"}],"replies":[{"embeddable":true,"href":"https:\/\/anisengrano.com\/de\/wp-json\/wp\/v2\/comments?post=675"}],"version-history":[{"count":0,"href":"https:\/\/anisengrano.com\/de\/wp-json\/wp\/v2\/pages\/675\/revisions"}],"wp:attachment":[{"href":"https:\/\/anisengrano.com\/de\/wp-json\/wp\/v2\/media?parent=675"}],"curies":[{"name":"wp","href":"https:\/\/api.w.org\/{rel}","templated":true}]}}