{"id":686,"date":"2017-04-05T12:57:15","date_gmt":"2017-04-05T12:57:15","guid":{"rendered":"https:\/\/anisengrano.com\/instalaciones\/"},"modified":"2017-06-17T23:28:37","modified_gmt":"2017-06-17T23:28:37","slug":"anlagen","status":"publish","type":"page","link":"https:\/\/anisengrano.com\/de\/anlagen\/","title":{"rendered":"Anlagen"},"content":{"rendered":"<div class=\"wpb-content-wrapper\"><p>[vc_row css_animation=&#8220;&#8220; row_type=&#8220;row&#8220; use_row_as_full_screen_section=&#8220;no&#8220; type=&#8220;grid&#8220; anchor=&#8220;about&#8220; angled_section=&#8220;no&#8220; text_align=&#8220;left&#8220; background_image_as_pattern=&#8220;without_pattern&#8220;][vc_column][vc_empty_space height=&#8220;50px&#8220;][vc_column_text]An\u00eds en Grano Sancho setzt auf Innovation und unser Produktionsverfahren ist darauf ausgerichtet, auch die Anforderungen unserer anspruchsvollsten Kunden erf\u00fcllen zu k\u00f6nnen.<\/p>\n<p>Mit einer Speicher- und Produktionsfl\u00e4che von 3000\u00a0m<sup>2<\/sup> verarbeiten wir j\u00e4hrlich 4000 Tonnen Anis mit einem Reinheitsgrad des Endprodukts von 99,80\u00a0%, durch den unsere Kunden bei der Optimierung ihres Herstellungsverfahrens unterst\u00fctzt werden.[\/vc_column_text][vc_empty_space height=&#8220;50px&#8220;][vc_column_text]<\/p>\n<h2 style=\"text-align: center;\">Reinigungssystem<\/h2>\n<p>[\/vc_column_text][vc_column_text]Unser Anis wird in einem dreistufigen Reinigungsverfahren von erntebedingten Verunreinigungen befreit:[\/vc_column_text][vc_empty_space height=&#8220;30px&#8220;][vc_row_inner row_type=&#8220;row&#8220; type=&#8220;full_width&#8220; text_align=&#8220;left&#8220; css_animation=&#8220;&#8220;][vc_column_inner width=&#8220;1\/3&#8243;][vc_empty_space height=&#8220;20px&#8220;][vc_single_image image=&#8220;351&#8243; img_size=&#8220;full&#8220; alignment=&#8220;center&#8220; style=&#8220;vc_box_rounded&#8220; qode_css_animation=&#8220;&#8220;][vc_empty_space height=&#8220;20px&#8220;][vc_column_text]<\/p>\n<h3 style=\"text-align: center;\">Siebanlage<\/h3>\n<p>[\/vc_column_text][vc_empty_space height=&#8220;20px&#8220;][vc_column_text]In dieser ersten Reinigungsstufe mit insgesamt 18\u00a0Durchg\u00e4ngen werden Verunreinigungen mit h\u00f6heren Gewicht, wie Stiele, Erde, Bruchst\u00fccke und sonstige schwere Samenk\u00f6rner entfernt. Zudem entfernen zwei Niedrigdruckabsauger Verunreinigungen mit geringem Gewicht, wie feine Stiele, kleine Bl\u00e4tter und Reststoffen mit \u00e4hnlichen Eigenschaften, die allesamt aus dem Erntevorgang stammen.[\/vc_column_text][\/vc_column_inner][vc_column_inner width=&#8220;1\/3&#8243;][vc_empty_space height=&#8220;20px&#8220;][vc_single_image image=&#8220;355&#8243; img_size=&#8220;full&#8220; alignment=&#8220;center&#8220; style=&#8220;vc_box_rounded&#8220; qode_css_animation=&#8220;&#8220;][vc_empty_space height=&#8220;20px&#8220;][vc_column_text]<\/p>\n<h3 style=\"text-align: center;\">Steinausleser<\/h3>\n<p>[\/vc_column_text][vc_empty_space height=&#8220;20px&#8220;][vc_column_text]Diese Maschine orientiert sich am Gewicht und am Volumen und entfernt sonstige Fremdk\u00f6rner und kleine Steine.[\/vc_column_text][\/vc_column_inner][vc_column_inner width=&#8220;1\/3&#8243;][vc_empty_space height=&#8220;20px&#8220;][vc_single_image image=&#8220;353&#8243; img_size=&#8220;full&#8220; alignment=&#8220;center&#8220; qode_css_animation=&#8220;&#8220;][vc_empty_space height=&#8220;20px&#8220;][vc_column_text]<\/p>\n<h3 style=\"text-align: center;\">Klassifizierung<\/h3>\n<p>[\/vc_column_text][vc_empty_space height=&#8220;20px&#8220;][vc_column_text]Anlage zur optischen Klassifizierung FULL COLOR INFINITY 2: Diese Maschine ist in der Lage, f\u00fcr unsere anspruchsvollsten Kunden 16\u00a0Mio. Farben zu erkennen und \u00fcber die Hochdruckinjektion von Luft Fremdk\u00f6rner zu entfernen, die dem Anis sehr \u00e4hnlich sind und durch andere Maschinen nicht entfernt werden k\u00f6nnen.[\/vc_column_text][\/vc_column_inner][\/vc_row_inner][vc_empty_space height=&#8220;50px&#8220;][\/vc_column][\/vc_row][vc_row css_animation=&#8220;&#8220; row_type=&#8220;row&#8220; use_row_as_full_screen_section=&#8220;no&#8220; type=&#8220;grid&#8220; angled_section=&#8220;no&#8220; text_align=&#8220;left&#8220; background_image_as_pattern=&#8220;without_pattern&#8220; background_color=&#8220;#35a056&#8243;][vc_column][vc_empty_space height=&#8220;50px&#8220;][vc_column_text]<\/p>\n<h3 style=\"text-align: center;\"><span style=\"color: #ffffff;\">Dank einer umfassenden Kontrolle aller Verfahrens- und Klassifizierungsstufen gew\u00e4hrleisten wir einen Qualit\u00e4tsstandard, auf den sich unsere Kunden Jahr f\u00fcr Jahr verlassen k\u00f6nnen.<\/span><\/h3>\n<p>[\/vc_column_text][vc_empty_space height=&#8220;50px&#8220;][\/vc_column][\/vc_row][vc_row css_animation=&#8220;&#8220; row_type=&#8220;row&#8220; use_row_as_full_screen_section=&#8220;no&#8220; type=&#8220;grid&#8220; angled_section=&#8220;no&#8220; text_align=&#8220;left&#8220; background_image_as_pattern=&#8220;without_pattern&#8220;][vc_column][vc_empty_space height=&#8220;50px&#8220;][vc_column_text]<\/p>\n<h2 style=\"text-align: center;\">Anis Sancho Labor<\/h2>\n<p>[\/vc_column_text][vc_empty_space height=&#8220;40px&#8220;][vc_row_inner row_type=&#8220;row&#8220; type=&#8220;full_width&#8220; text_align=&#8220;left&#8220; css_animation=&#8220;&#8220;][vc_column_inner width=&#8220;1\/4&#8243;][vc_single_image image=&#8220;358&#8243; img_size=&#8220;full&#8220; alignment=&#8220;center&#8220; style=&#8220;vc_box_rounded&#8220; qode_css_animation=&#8220;&#8220;][\/vc_column_inner][vc_column_inner width=&#8220;3\/4&#8243;][vc_column_text]Zudem verf\u00fcgt An\u00eds en Grano Sancho \u00fcber ein eigenes Labor, in dem wir unsere Anisernte auf den Gehalt an \u00e4therischen \u00d6len analysieren. Dies erm\u00f6glicht eine schnelle Klassifizierung der Eigenschaften und gibt uns Gew\u00e4hr, unseren Kunden das gew\u00fcnschte Produkt anbieten zu k\u00f6nnen.[\/vc_column_text][\/vc_column_inner][\/vc_row_inner][vc_empty_space height=&#8220;50px&#8220;][\/vc_column][\/vc_row][vc_row css_animation=&#8220;&#8220; row_type=&#8220;row&#8220; use_row_as_full_screen_section=&#8220;no&#8220; type=&#8220;full_width&#8220; angled_section=&#8220;no&#8220; text_align=&#8220;left&#8220; background_image_as_pattern=&#8220;without_pattern&#8220;][vc_column]<div class=\"call_to_action normal\" style=\"background-color: #35a056;\"><div class=\"container_inner\"><div class=\"two_columns_75_25 clearfix\"><div class=\"text_wrapper column1\"><div class=\"call_to_action_text \" style=\"\">\n<h3><span style=\"color: #ffffff\">Laden Sie unseren Katalog hier<\/span><\/h3>\n<\/div><\/div><div class=\"button_wrapper column2\"><a itemprop=\"url\" href=\"\/catalogo-anis-en-grano-sancho-2017.pdf\" class=\"qbutton white \" target=\"_blank\" style=\"color: #ffffff;border-color: #35a056;background-color:#000000;\" data-hover-background-color=#ffffff data-hover-border-color=#35a056 data-hover-color=#35a056>KATALOG<\/a><\/div><\/div><\/div><\/div>[\/vc_column][\/vc_row]<\/p>\n<\/div>","protected":false},"excerpt":{"rendered":"<p>[vc_row css_animation=&#8220;&#8220; row_type=&#8220;row&#8220; use_row_as_full_screen_section=&#8220;no&#8220; type=&#8220;grid&#8220; anchor=&#8220;about&#8220; angled_section=&#8220;no&#8220; text_align=&#8220;left&#8220; background_image_as_pattern=&#8220;without_pattern&#8220;][vc_column][vc_empty_space height=&#8220;50px&#8220;][vc_column_text]An\u00eds en Grano Sancho setzt auf Innovation und unser Produktionsverfahren ist darauf ausgerichtet, auch die Anforderungen unserer anspruchsvollsten Kunden erf\u00fcllen zu k\u00f6nnen. Mit einer Speicher- und Produktionsfl\u00e4che von 3000\u00a0m2 verarbeiten wir j\u00e4hrlich 4000 Tonnen Anis mit&#8230;<\/p>\n","protected":false},"author":1,"featured_media":0,"parent":0,"menu_order":0,"comment_status":"closed","ping_status":"closed","template":"full_width.php","meta":{"footnotes":""},"class_list":["post-686","page","type-page","status-publish","hentry"],"yoast_head":"<!-- This site is optimized with the Yoast SEO plugin v27.5 - https:\/\/yoast.com\/product\/yoast-seo-wordpress\/ -->\n<title>Auf die Anisreinigung spezialisierte Anlagen \u2013 An\u00eds en Grano Sancho<\/title>\n<meta name=\"description\" content=\"Wir verf\u00fcgen f\u00fcr die Verarbeitung von Anis \u00fcber hochmoderne Anlagen, ein eigenes Labor f\u00fcr die Klassifizierung und eine Speicherfl\u00e4che von 3000 m2.\" \/>\n<meta name=\"robots\" content=\"index, follow, max-snippet:-1, max-image-preview:large, max-video-preview:-1\" \/>\n<link rel=\"canonical\" href=\"https:\/\/anisengrano.com\/de\/anlagen\/\" \/>\n<meta property=\"og:locale\" content=\"de_DE\" \/>\n<meta property=\"og:type\" content=\"article\" \/>\n<meta property=\"og:title\" content=\"Auf die Anisreinigung spezialisierte Anlagen \u2013 An\u00eds en Grano Sancho\" \/>\n<meta property=\"og:description\" content=\"Wir verf\u00fcgen f\u00fcr die Verarbeitung von Anis \u00fcber hochmoderne Anlagen, ein eigenes Labor f\u00fcr die Klassifizierung und eine Speicherfl\u00e4che von 3000 m2.\" \/>\n<meta property=\"og:url\" content=\"https:\/\/anisengrano.com\/de\/anlagen\/\" \/>\n<meta property=\"og:site_name\" content=\"An\u00eds en Grano Sancho\" \/>\n<meta property=\"article:modified_time\" content=\"2017-06-17T23:28:37+00:00\" \/>\n<meta name=\"twitter:card\" content=\"summary_large_image\" \/>\n<meta name=\"twitter:label1\" content=\"Gesch\u00e4tzte Lesezeit\" \/>\n\t<meta name=\"twitter:data1\" content=\"4\u00a0Minuten\" \/>\n<script type=\"application\/ld+json\" class=\"yoast-schema-graph\">{\"@context\":\"https:\\\/\\\/schema.org\",\"@graph\":[{\"@type\":\"WebPage\",\"@id\":\"https:\\\/\\\/anisengrano.com\\\/de\\\/anlagen\\\/\",\"url\":\"https:\\\/\\\/anisengrano.com\\\/de\\\/anlagen\\\/\",\"name\":\"Auf die Anisreinigung spezialisierte Anlagen \u2013 An\u00eds en Grano Sancho\",\"isPartOf\":{\"@id\":\"https:\\\/\\\/anisengrano.com\\\/#website\"},\"datePublished\":\"2017-04-05T12:57:15+00:00\",\"dateModified\":\"2017-06-17T23:28:37+00:00\",\"description\":\"Wir verf\u00fcgen f\u00fcr die Verarbeitung von Anis \u00fcber hochmoderne Anlagen, ein eigenes Labor f\u00fcr die Klassifizierung und eine Speicherfl\u00e4che von 3000 m2.\",\"breadcrumb\":{\"@id\":\"https:\\\/\\\/anisengrano.com\\\/de\\\/anlagen\\\/#breadcrumb\"},\"inLanguage\":\"de\",\"potentialAction\":[{\"@type\":\"ReadAction\",\"target\":[\"https:\\\/\\\/anisengrano.com\\\/de\\\/anlagen\\\/\"]}]},{\"@type\":\"BreadcrumbList\",\"@id\":\"https:\\\/\\\/anisengrano.com\\\/de\\\/anlagen\\\/#breadcrumb\",\"itemListElement\":[{\"@type\":\"ListItem\",\"position\":1,\"name\":\"Portada\",\"item\":\"https:\\\/\\\/anisengrano.com\\\/de\\\/\"},{\"@type\":\"ListItem\",\"position\":2,\"name\":\"Anlagen\"}]},{\"@type\":\"WebSite\",\"@id\":\"https:\\\/\\\/anisengrano.com\\\/#website\",\"url\":\"https:\\\/\\\/anisengrano.com\\\/\",\"name\":\"An\u00eds en Grano Sancho\",\"description\":\"Exportadores y distribuidores de An\u00eds en Grano\",\"potentialAction\":[{\"@type\":\"SearchAction\",\"target\":{\"@type\":\"EntryPoint\",\"urlTemplate\":\"https:\\\/\\\/anisengrano.com\\\/?s={search_term_string}\"},\"query-input\":{\"@type\":\"PropertyValueSpecification\",\"valueRequired\":true,\"valueName\":\"search_term_string\"}}],\"inLanguage\":\"de\"}]}<\/script>\n<!-- \/ Yoast SEO plugin. -->","yoast_head_json":{"title":"Auf die Anisreinigung spezialisierte Anlagen \u2013 An\u00eds en Grano Sancho","description":"Wir verf\u00fcgen f\u00fcr die Verarbeitung von Anis \u00fcber hochmoderne Anlagen, ein eigenes Labor f\u00fcr die Klassifizierung und eine Speicherfl\u00e4che von 3000 m2.","robots":{"index":"index","follow":"follow","max-snippet":"max-snippet:-1","max-image-preview":"max-image-preview:large","max-video-preview":"max-video-preview:-1"},"canonical":"https:\/\/anisengrano.com\/de\/anlagen\/","og_locale":"de_DE","og_type":"article","og_title":"Auf die Anisreinigung spezialisierte Anlagen \u2013 An\u00eds en Grano Sancho","og_description":"Wir verf\u00fcgen f\u00fcr die Verarbeitung von Anis \u00fcber hochmoderne Anlagen, ein eigenes Labor f\u00fcr die Klassifizierung und eine Speicherfl\u00e4che von 3000 m2.","og_url":"https:\/\/anisengrano.com\/de\/anlagen\/","og_site_name":"An\u00eds en Grano Sancho","article_modified_time":"2017-06-17T23:28:37+00:00","twitter_card":"summary_large_image","twitter_misc":{"Gesch\u00e4tzte Lesezeit":"4\u00a0Minuten"},"schema":{"@context":"https:\/\/schema.org","@graph":[{"@type":"WebPage","@id":"https:\/\/anisengrano.com\/de\/anlagen\/","url":"https:\/\/anisengrano.com\/de\/anlagen\/","name":"Auf die Anisreinigung spezialisierte Anlagen \u2013 An\u00eds en Grano Sancho","isPartOf":{"@id":"https:\/\/anisengrano.com\/#website"},"datePublished":"2017-04-05T12:57:15+00:00","dateModified":"2017-06-17T23:28:37+00:00","description":"Wir verf\u00fcgen f\u00fcr die Verarbeitung von Anis \u00fcber hochmoderne Anlagen, ein eigenes Labor f\u00fcr die Klassifizierung und eine Speicherfl\u00e4che von 3000 m2.","breadcrumb":{"@id":"https:\/\/anisengrano.com\/de\/anlagen\/#breadcrumb"},"inLanguage":"de","potentialAction":[{"@type":"ReadAction","target":["https:\/\/anisengrano.com\/de\/anlagen\/"]}]},{"@type":"BreadcrumbList","@id":"https:\/\/anisengrano.com\/de\/anlagen\/#breadcrumb","itemListElement":[{"@type":"ListItem","position":1,"name":"Portada","item":"https:\/\/anisengrano.com\/de\/"},{"@type":"ListItem","position":2,"name":"Anlagen"}]},{"@type":"WebSite","@id":"https:\/\/anisengrano.com\/#website","url":"https:\/\/anisengrano.com\/","name":"An\u00eds en Grano Sancho","description":"Exportadores y distribuidores de An\u00eds en Grano","potentialAction":[{"@type":"SearchAction","target":{"@type":"EntryPoint","urlTemplate":"https:\/\/anisengrano.com\/?s={search_term_string}"},"query-input":{"@type":"PropertyValueSpecification","valueRequired":true,"valueName":"search_term_string"}}],"inLanguage":"de"}]}},"_links":{"self":[{"href":"https:\/\/anisengrano.com\/de\/wp-json\/wp\/v2\/pages\/686","targetHints":{"allow":["GET"]}}],"collection":[{"href":"https:\/\/anisengrano.com\/de\/wp-json\/wp\/v2\/pages"}],"about":[{"href":"https:\/\/anisengrano.com\/de\/wp-json\/wp\/v2\/types\/page"}],"author":[{"embeddable":true,"href":"https:\/\/anisengrano.com\/de\/wp-json\/wp\/v2\/users\/1"}],"replies":[{"embeddable":true,"href":"https:\/\/anisengrano.com\/de\/wp-json\/wp\/v2\/comments?post=686"}],"version-history":[{"count":0,"href":"https:\/\/anisengrano.com\/de\/wp-json\/wp\/v2\/pages\/686\/revisions"}],"wp:attachment":[{"href":"https:\/\/anisengrano.com\/de\/wp-json\/wp\/v2\/media?parent=686"}],"curies":[{"name":"wp","href":"https:\/\/api.w.org\/{rel}","templated":true}]}}