{"id":649,"date":"2016-07-11T14:27:40","date_gmt":"2016-07-11T14:27:40","guid":{"rendered":"https:\/\/anisengrano.com\/anis-grano-sancho\/"},"modified":"2017-06-21T10:25:11","modified_gmt":"2017-06-21T10:25:11","slug":"accueil","status":"publish","type":"page","link":"https:\/\/anisengrano.com\/fr\/","title":{"rendered":"Accueil"},"content":{"rendered":"<div class=\"wpb-content-wrapper\"><p>[vc_row css_animation=\u00a0\u00bb\u00a0\u00bb row_type=\u00a0\u00bbrow\u00a0\u00bb use_row_as_full_screen_section=\u00a0\u00bbno\u00a0\u00bb type=\u00a0\u00bbgrid\u00a0\u00bb angled_section=\u00a0\u00bbno\u00a0\u00bb text_align=\u00a0\u00bbcenter\u00a0\u00bb background_image_as_pattern=\u00a0\u00bbwithout_pattern\u00a0\u00bb][vc_column][vc_empty_space height=\u00a0\u00bb50px\u00a0\u00bb][vc_column_text]<\/p>\n<h2 style=\"text-align: center;\">Exportation et culture d&rsquo;anis en grain espagnol<\/h2>\n<p>[\/vc_column_text][vc_empty_space height=\u00a0\u00bb30px\u00a0\u00bb][vc_column_text]Nous sommes exportateurs et distributeurs en gros d&rsquo;anis en grain. Nous exportons vers l&rsquo;Europe et l&rsquo;Am\u00e9rique, o\u00f9 notre anis est r\u00e9put\u00e9 pour son excellente qualit\u00e9.<\/p>\n<p>Tout notre anis vert est cultiv\u00e9, trait\u00e9, purifi\u00e9 et entrepos\u00e9 par nos propres services.[\/vc_column_text][vc_empty_space height=\u00a0\u00bb50px\u00a0\u00bb][vc_row_inner row_type=\u00a0\u00bbrow\u00a0\u00bb type=\u00a0\u00bbfull_width\u00a0\u00bb text_align=\u00a0\u00bbleft\u00a0\u00bb css_animation=\u00a0\u00bb\u00a0\u00bb][vc_column_inner width=\u00a0\u00bb1\/4&Prime;][vc_empty_space height=\u00a0\u00bb15px\u00a0\u00bb][vc_column_text]<\/p>\n<h3 style=\"text-align: center;\">Exp\u00e9rience<\/h3>\n<p>[\/vc_column_text][vc_column_text]<\/p>\n<p style=\"text-align: center;\">Trois g\u00e9n\u00e9rations consacr\u00e9es au march\u00e9 de l&rsquo;anis nous ont permis d&rsquo;endosser le r\u00f4le de leader.<\/p>\n<p>[\/vc_column_text][\/vc_column_inner][vc_column_inner width=\u00a0\u00bb1\/4&Prime;][vc_empty_space height=\u00a0\u00bb15px\u00a0\u00bb][vc_column_text]<\/p>\n<h3 style=\"text-align: center;\">Qualit\u00e9<\/h3>\n<p>[\/vc_column_text][vc_column_text]<\/p>\n<p style=\"text-align: center;\">Nous supervisons le processus du d\u00e9but \u00e0 la fin, afin de garantir une qualit\u00e9 irr\u00e9prochable.<\/p>\n<p>[\/vc_column_text][\/vc_column_inner][vc_column_inner width=\u00a0\u00bb1\/4&Prime;][vc_empty_space height=\u00a0\u00bb15px\u00a0\u00bb][vc_column_text]<\/p>\n<h3 style=\"text-align: center;\">Engagement<\/h3>\n<p>[\/vc_column_text][vc_column_text]<\/p>\n<p style=\"text-align: center;\">Nous travaillons en \u00e9troite collaboration avec l&rsquo;ensemble des acteurs de la cha\u00eene, des agriculteurs aux clients.<\/p>\n<p>[\/vc_column_text][\/vc_column_inner][vc_column_inner width=\u00a0\u00bb1\/4&Prime;][vc_empty_space height=\u00a0\u00bb15px\u00a0\u00bb][vc_column_text]<\/p>\n<h3 style=\"text-align: center;\">Innovation<\/h3>\n<p>[\/vc_column_text][vc_column_text]<\/p>\n<p style=\"text-align: center;\">Une technologie de pointe au service de la purification et de la culture.<\/p>\n<p>[\/vc_column_text][\/vc_column_inner][\/vc_row_inner][vc_empty_space height=\u00a0\u00bb50px\u00a0\u00bb][\/vc_column][\/vc_row][vc_row css_animation=\u00a0\u00bb\u00a0\u00bb row_type=\u00a0\u00bbrow\u00a0\u00bb use_row_as_full_screen_section=\u00a0\u00bbno\u00a0\u00bb type=\u00a0\u00bbfull_width\u00a0\u00bb angled_section=\u00a0\u00bbno\u00a0\u00bb text_align=\u00a0\u00bbcenter\u00a0\u00bb background_image=\u00a0\u00bb400&Prime; background_image_as_pattern=\u00a0\u00bbwithout_pattern\u00a0\u00bb][vc_column][vc_empty_space height=\u00a0\u00bb100px\u00a0\u00bb][vc_row_inner row_type=\u00a0\u00bbrow\u00a0\u00bb type=\u00a0\u00bbgrid\u00a0\u00bb text_align=\u00a0\u00bbleft\u00a0\u00bb css_animation=\u00a0\u00bb\u00a0\u00bb][vc_column_inner width=\u00a0\u00bb1\/4&Prime;][vc_single_image image=\u00a0\u00bb406&Prime; img_size=\u00a0\u00bbfull\u00a0\u00bb alignment=\u00a0\u00bbcenter\u00a0\u00bb style=\u00a0\u00bbvc_box_circle_2&Prime; qode_css_animation=\u00a0\u00bb\u00a0\u00bb][\/vc_column_inner][vc_column_inner width=\u00a0\u00bb3\/4&Prime;][vc_empty_space height=\u00a0\u00bb50px\u00a0\u00bb]<blockquote class=' with_quote_icon' style='width: 100%;'><i class='fa fa-quote-right' style='color: #ffffff;'><\/i><h5 class='blockquote-text' style='color: #ffffff;'>Notre objectif consiste \u00e0 am\u00e9liorer la qualit\u00e9 du produit de nos clients en fournissant un anis de qualit\u00e9, adapt\u00e9 \u00e0 leurs besoins.<\/h5><\/blockquote>[vc_empty_space height=\u00a0\u00bb50px\u00a0\u00bb][vc_column_text]<\/p>\n<p style=\"text-align: right;\"><span style=\"color: #ffffff;\"><strong>Francisco Sancho Hinojosa<\/strong><\/span><br \/>\n<span style=\"color: #ffffff;\"><em>G\u00e9rant<\/em><\/span><\/p>\n<p>[\/vc_column_text][\/vc_column_inner][\/vc_row_inner][vc_empty_space height=\u00a0\u00bb100px\u00a0\u00bb][\/vc_column][\/vc_row][vc_row css_animation=\u00a0\u00bb\u00a0\u00bb row_type=\u00a0\u00bbrow\u00a0\u00bb use_row_as_full_screen_section=\u00a0\u00bbno\u00a0\u00bb type=\u00a0\u00bbfull_width\u00a0\u00bb angled_section=\u00a0\u00bbno\u00a0\u00bb text_align=\u00a0\u00bbleft\u00a0\u00bb background_image_as_pattern=\u00a0\u00bbwithout_pattern\u00a0\u00bb][vc_column]<div class=\"call_to_action normal\" style=\"background-color: #35a056;border-top: 1px solid rgba(0,0,0,0.01);\"><div class=\"container_inner\"><div class=\"two_columns_75_25 clearfix\"><div class=\"text_wrapper column1\"><div class=\"call_to_action_text \" style=\"\">\n<h3><span style=\"color: #ffffff\">Contactez-nous et obtenez plus d&rsquo;informations sans engagement<\/span><\/h3>\n<\/div><\/div><div class=\"button_wrapper column2\"><a itemprop=\"url\" href=\"\/fr\/contacter\/\" class=\"qbutton white \" target=\"_self\" style=\"color: #ffffff;border-color: #35a056;background-color:#000000;\" data-hover-background-color=#ffffff data-hover-border-color=#35a056 data-hover-color=#35a056>CONTACTEZ NOUS<\/a><\/div><\/div><\/div><\/div>[\/vc_column][\/vc_row][vc_row css_animation=\u00a0\u00bb\u00a0\u00bb row_type=\u00a0\u00bbrow\u00a0\u00bb use_row_as_full_screen_section=\u00a0\u00bbno\u00a0\u00bb type=\u00a0\u00bbfull_width\u00a0\u00bb angled_section=\u00a0\u00bbno\u00a0\u00bb text_align=\u00a0\u00bbleft\u00a0\u00bb background_image_as_pattern=\u00a0\u00bbwithout_pattern\u00a0\u00bb][vc_column][vc_empty_space height=\u00a0\u00bb50px\u00a0\u00bb][vc_column_text]<\/p>\n<h2 style=\"text-align: center;\">En savoir plus<\/h2>\n<p>[\/vc_column_text][vc_empty_space height=\u00a0\u00bb35px\u00a0\u00bb][vc_row_inner row_type=\u00a0\u00bbrow\u00a0\u00bb type=\u00a0\u00bbgrid\u00a0\u00bb text_align=\u00a0\u00bbleft\u00a0\u00bb css_animation=\u00a0\u00bb\u00a0\u00bb][vc_column_inner width=\u00a0\u00bb1\/3&Prime;][vc_empty_space height=\u00a0\u00bb15px\u00a0\u00bb][vc_single_image image=\u00a0\u00bb391&Prime; img_size=\u00a0\u00bbfull\u00a0\u00bb alignment=\u00a0\u00bbcenter\u00a0\u00bb style=\u00a0\u00bbvc_box_rounded\u00a0\u00bb onclick=\u00a0\u00bbcustom_link\u00a0\u00bb qode_css_animation=\u00a0\u00bbelement_from_left\u00a0\u00bb transition_delay=\u00a0\u00bb0.2&Prime; link=\u00a0\u00bb\/fr\/notre-anis\/\u00a0\u00bb][vc_empty_space height=\u00a0\u00bb15px\u00a0\u00bb][vc_column_text]<\/p>\n<h3 style=\"text-align: center;\">Notre Anis<\/h3>\n<p>[\/vc_column_text][vc_column_text]<\/p>\n<p style=\"text-align: center;\">Tout ce que vous devez savoir sur notre produit.<\/p>\n<p>[\/vc_column_text][vc_empty_space height=\u00a0\u00bb15px\u00a0\u00bb][vc_empty_space height=\u00a0\u00bb27px\u00a0\u00bb]<a  itemprop=\"url\" href=\"\/fr\/notre-anis\/\" target=\"_self\"  class=\"qbutton  small default\" style=\"\">En savoir plus<i class=\"qode_icon_font_awesome fa fa-plus qode_button_icon_element\" style=\"color: #ffffff\"><\/i><\/a>[\/vc_column_inner][vc_column_inner width=\u00a0\u00bb1\/3&Prime;][vc_empty_space height=\u00a0\u00bb15px\u00a0\u00bb][vc_single_image image=\u00a0\u00bb389&Prime; img_size=\u00a0\u00bbfull\u00a0\u00bb alignment=\u00a0\u00bbcenter\u00a0\u00bb style=\u00a0\u00bbvc_box_rounded\u00a0\u00bb onclick=\u00a0\u00bbcustom_link\u00a0\u00bb qode_css_animation=\u00a0\u00bbelement_from_left\u00a0\u00bb transition_delay=\u00a0\u00bb0.4&Prime; link=\u00a0\u00bb\/fr\/a-notre-sujet\/\u00a0\u00bb][vc_empty_space height=\u00a0\u00bb15px\u00a0\u00bb][vc_column_text]<\/p>\n<h3 style=\"text-align: center;\">Les Coulisses<\/h3>\n<p>[\/vc_column_text][vc_column_text]<\/p>\n<p style=\"text-align: center;\">D\u00e9couvrez notre entreprise : son histoire, sa mission, sa philosophie, ses valeurs et son \u00e9quipe.<\/p>\n<p>[\/vc_column_text][vc_empty_space height=\u00a0\u00bb15px\u00a0\u00bb]<a  itemprop=\"url\" href=\"\/fr\/a-notre-sujet\/\" target=\"_self\"  class=\"qbutton  small default\" style=\"\">En savoir plus<i class=\"qode_icon_font_awesome fa fa-plus qode_button_icon_element\" style=\"color: #ffffff\"><\/i><\/a>[\/vc_column_inner][vc_column_inner width=\u00a0\u00bb1\/3&Prime;][vc_empty_space height=\u00a0\u00bb15px\u00a0\u00bb][vc_single_image image=\u00a0\u00bb390&Prime; img_size=\u00a0\u00bbfull\u00a0\u00bb alignment=\u00a0\u00bbcenter\u00a0\u00bb style=\u00a0\u00bbvc_box_rounded\u00a0\u00bb onclick=\u00a0\u00bbcustom_link\u00a0\u00bb qode_css_animation=\u00a0\u00bbelement_from_left\u00a0\u00bb transition_delay=\u00a0\u00bb0.6&Prime; link=\u00a0\u00bb\/fr\/installations\/\u00a0\u00bb][vc_empty_space height=\u00a0\u00bb15px\u00a0\u00bb][vc_column_text]<\/p>\n<h3 style=\"text-align: center;\">L&rsquo;Usine<\/h3>\n<p>[\/vc_column_text][vc_column_text]Tous les renseignements sur nos installations et notre processus de production.[\/vc_column_text][vc_empty_space height=\u00a0\u00bb15px\u00a0\u00bb]<a  itemprop=\"url\" href=\"\/fr\/installations\/\" target=\"_self\"  class=\"qbutton  small default\" style=\"\">En savoir plus<i class=\"qode_icon_font_awesome fa fa-plus qode_button_icon_element\" style=\"color: #ffffff\"><\/i><\/a>[\/vc_column_inner][\/vc_row_inner][vc_empty_space height=\u00a0\u00bb50px\u00a0\u00bb][\/vc_column][\/vc_row][vc_row css_animation=\u00a0\u00bb\u00a0\u00bb row_type=\u00a0\u00bbrow\u00a0\u00bb use_row_as_full_screen_section=\u00a0\u00bbno\u00a0\u00bb type=\u00a0\u00bbfull_width\u00a0\u00bb angled_section=\u00a0\u00bbno\u00a0\u00bb text_align=\u00a0\u00bbleft\u00a0\u00bb background_image_as_pattern=\u00a0\u00bbwithout_pattern\u00a0\u00bb][vc_column]<div class=\"call_to_action normal\" style=\"background-color: #35a056;\"><div class=\"container_inner\"><div class=\"two_columns_75_25 clearfix\"><div class=\"text_wrapper column1\"><div class=\"call_to_action_text \" style=\"\">\n<h3><span style=\"color: #ffffff\">T\u00e9l\u00e9chargez ici notre catalogue <\/span><\/h3>\n<\/div><\/div><div class=\"button_wrapper column2\"><a itemprop=\"url\" href=\"\/catalogo-anis-en-grano-sancho-2017.pdf\" class=\"qbutton white \" target=\"_blank\" style=\"color: #ffffff;border-color: #35a056;background-color:#000000;\" data-hover-background-color=#ffffff data-hover-border-color=#35a056 data-hover-color=#35a056>CATALOGUE<\/a><\/div><\/div><\/div><\/div>[\/vc_column][\/vc_row]<\/p>\n<\/div>","protected":false},"excerpt":{"rendered":"<p>[vc_row css_animation=\u00a0\u00bb\u00a0\u00bb row_type=\u00a0\u00bbrow\u00a0\u00bb use_row_as_full_screen_section=\u00a0\u00bbno\u00a0\u00bb type=\u00a0\u00bbgrid\u00a0\u00bb angled_section=\u00a0\u00bbno\u00a0\u00bb text_align=\u00a0\u00bbcenter\u00a0\u00bb background_image_as_pattern=\u00a0\u00bbwithout_pattern\u00a0\u00bb][vc_column][vc_empty_space height=\u00a0\u00bb50px\u00a0\u00bb][vc_column_text] Exportation et culture d&rsquo;anis en grain espagnol [\/vc_column_text][vc_empty_space height=\u00a0\u00bb30px\u00a0\u00bb][vc_column_text]Nous sommes exportateurs et distributeurs en gros d&rsquo;anis en grain. Nous exportons vers l&rsquo;Europe et l&rsquo;Am\u00e9rique, o\u00f9 notre anis est r\u00e9put\u00e9 pour son excellente qualit\u00e9. Tout notre anis&#8230;<\/p>\n","protected":false},"author":1,"featured_media":0,"parent":0,"menu_order":0,"comment_status":"closed","ping_status":"closed","template":"full_width.php","meta":{"footnotes":""},"class_list":["post-649","page","type-page","status-publish","hentry"],"yoast_head":"<!-- This site is optimized with the Yoast SEO plugin v27.4 - https:\/\/yoast.com\/product\/yoast-seo-wordpress\/ -->\n<title>Exportation et culture d&#039;anis en grain espagnol \u2013 An\u00eds Sancho<\/title>\n<meta name=\"description\" content=\"Culture, traitement, entreposage et distribution d&#039;anis en grain ou anis vert. Nous exportons vers l&#039;Europe et l&#039;Am\u00e9rique. D\u00e9couvrez An\u00eds en Grano Sancho.\" \/>\n<meta name=\"robots\" content=\"index, follow, max-snippet:-1, max-image-preview:large, max-video-preview:-1\" \/>\n<link rel=\"canonical\" href=\"https:\/\/anisengrano.com\/fr\/\" \/>\n<meta property=\"og:locale\" content=\"fr_FR\" \/>\n<meta property=\"og:type\" content=\"article\" \/>\n<meta property=\"og:title\" content=\"Exportation et culture d&#039;anis en grain espagnol \u2013 An\u00eds Sancho\" \/>\n<meta property=\"og:description\" content=\"Culture, traitement, entreposage et distribution d&#039;anis en grain ou anis vert. Nous exportons vers l&#039;Europe et l&#039;Am\u00e9rique. D\u00e9couvrez An\u00eds en Grano Sancho.\" \/>\n<meta property=\"og:url\" content=\"https:\/\/anisengrano.com\/fr\/\" \/>\n<meta property=\"og:site_name\" content=\"An\u00eds en Grano Sancho\" \/>\n<meta property=\"article:modified_time\" content=\"2017-06-21T10:25:11+00:00\" \/>\n<meta name=\"twitter:card\" content=\"summary_large_image\" \/>\n<meta name=\"twitter:label1\" content=\"Dur\u00e9e de lecture estim\u00e9e\" \/>\n\t<meta name=\"twitter:data1\" content=\"5 minutes\" \/>\n<script type=\"application\/ld+json\" class=\"yoast-schema-graph\">{\"@context\":\"https:\\\/\\\/schema.org\",\"@graph\":[{\"@type\":\"WebPage\",\"@id\":\"https:\\\/\\\/anisengrano.com\\\/fr\\\/\",\"url\":\"https:\\\/\\\/anisengrano.com\\\/fr\\\/\",\"name\":\"Exportation et culture d'anis en grain espagnol \u2013 An\u00eds Sancho\",\"isPartOf\":{\"@id\":\"https:\\\/\\\/anisengrano.com\\\/#website\"},\"datePublished\":\"2016-07-11T14:27:40+00:00\",\"dateModified\":\"2017-06-21T10:25:11+00:00\",\"description\":\"Culture, traitement, entreposage et distribution d'anis en grain ou anis vert. Nous exportons vers l'Europe et l'Am\u00e9rique. D\u00e9couvrez An\u00eds en Grano Sancho.\",\"breadcrumb\":{\"@id\":\"https:\\\/\\\/anisengrano.com\\\/fr\\\/#breadcrumb\"},\"inLanguage\":\"fr-FR\",\"potentialAction\":[{\"@type\":\"ReadAction\",\"target\":[\"https:\\\/\\\/anisengrano.com\\\/fr\\\/\"]}]},{\"@type\":\"BreadcrumbList\",\"@id\":\"https:\\\/\\\/anisengrano.com\\\/fr\\\/#breadcrumb\",\"itemListElement\":[{\"@type\":\"ListItem\",\"position\":1,\"name\":\"Portada\",\"item\":\"https:\\\/\\\/anisengrano.com\\\/fr\\\/\"},{\"@type\":\"ListItem\",\"position\":2,\"name\":\"Accueil\"}]},{\"@type\":\"WebSite\",\"@id\":\"https:\\\/\\\/anisengrano.com\\\/#website\",\"url\":\"https:\\\/\\\/anisengrano.com\\\/\",\"name\":\"An\u00eds en Grano Sancho\",\"description\":\"Exportadores y distribuidores de An\u00eds en Grano\",\"potentialAction\":[{\"@type\":\"SearchAction\",\"target\":{\"@type\":\"EntryPoint\",\"urlTemplate\":\"https:\\\/\\\/anisengrano.com\\\/?s={search_term_string}\"},\"query-input\":{\"@type\":\"PropertyValueSpecification\",\"valueRequired\":true,\"valueName\":\"search_term_string\"}}],\"inLanguage\":\"fr-FR\"}]}<\/script>\n<!-- \/ Yoast SEO plugin. -->","yoast_head_json":{"title":"Exportation et culture d'anis en grain espagnol \u2013 An\u00eds Sancho","description":"Culture, traitement, entreposage et distribution d'anis en grain ou anis vert. Nous exportons vers l'Europe et l'Am\u00e9rique. D\u00e9couvrez An\u00eds en Grano Sancho.","robots":{"index":"index","follow":"follow","max-snippet":"max-snippet:-1","max-image-preview":"max-image-preview:large","max-video-preview":"max-video-preview:-1"},"canonical":"https:\/\/anisengrano.com\/fr\/","og_locale":"fr_FR","og_type":"article","og_title":"Exportation et culture d'anis en grain espagnol \u2013 An\u00eds Sancho","og_description":"Culture, traitement, entreposage et distribution d'anis en grain ou anis vert. Nous exportons vers l'Europe et l'Am\u00e9rique. D\u00e9couvrez An\u00eds en Grano Sancho.","og_url":"https:\/\/anisengrano.com\/fr\/","og_site_name":"An\u00eds en Grano Sancho","article_modified_time":"2017-06-21T10:25:11+00:00","twitter_card":"summary_large_image","twitter_misc":{"Dur\u00e9e de lecture estim\u00e9e":"5 minutes"},"schema":{"@context":"https:\/\/schema.org","@graph":[{"@type":"WebPage","@id":"https:\/\/anisengrano.com\/fr\/","url":"https:\/\/anisengrano.com\/fr\/","name":"Exportation et culture d'anis en grain espagnol \u2013 An\u00eds Sancho","isPartOf":{"@id":"https:\/\/anisengrano.com\/#website"},"datePublished":"2016-07-11T14:27:40+00:00","dateModified":"2017-06-21T10:25:11+00:00","description":"Culture, traitement, entreposage et distribution d'anis en grain ou anis vert. Nous exportons vers l'Europe et l'Am\u00e9rique. D\u00e9couvrez An\u00eds en Grano Sancho.","breadcrumb":{"@id":"https:\/\/anisengrano.com\/fr\/#breadcrumb"},"inLanguage":"fr-FR","potentialAction":[{"@type":"ReadAction","target":["https:\/\/anisengrano.com\/fr\/"]}]},{"@type":"BreadcrumbList","@id":"https:\/\/anisengrano.com\/fr\/#breadcrumb","itemListElement":[{"@type":"ListItem","position":1,"name":"Portada","item":"https:\/\/anisengrano.com\/fr\/"},{"@type":"ListItem","position":2,"name":"Accueil"}]},{"@type":"WebSite","@id":"https:\/\/anisengrano.com\/#website","url":"https:\/\/anisengrano.com\/","name":"An\u00eds en Grano Sancho","description":"Exportadores y distribuidores de An\u00eds en Grano","potentialAction":[{"@type":"SearchAction","target":{"@type":"EntryPoint","urlTemplate":"https:\/\/anisengrano.com\/?s={search_term_string}"},"query-input":{"@type":"PropertyValueSpecification","valueRequired":true,"valueName":"search_term_string"}}],"inLanguage":"fr-FR"}]}},"_links":{"self":[{"href":"https:\/\/anisengrano.com\/fr\/wp-json\/wp\/v2\/pages\/649","targetHints":{"allow":["GET"]}}],"collection":[{"href":"https:\/\/anisengrano.com\/fr\/wp-json\/wp\/v2\/pages"}],"about":[{"href":"https:\/\/anisengrano.com\/fr\/wp-json\/wp\/v2\/types\/page"}],"author":[{"embeddable":true,"href":"https:\/\/anisengrano.com\/fr\/wp-json\/wp\/v2\/users\/1"}],"replies":[{"embeddable":true,"href":"https:\/\/anisengrano.com\/fr\/wp-json\/wp\/v2\/comments?post=649"}],"version-history":[{"count":0,"href":"https:\/\/anisengrano.com\/fr\/wp-json\/wp\/v2\/pages\/649\/revisions"}],"wp:attachment":[{"href":"https:\/\/anisengrano.com\/fr\/wp-json\/wp\/v2\/media?parent=649"}],"curies":[{"name":"wp","href":"https:\/\/api.w.org\/{rel}","templated":true}]}}