{"id":685,"date":"2017-04-05T12:57:15","date_gmt":"2017-04-05T12:57:15","guid":{"rendered":"https:\/\/anisengrano.com\/instalaciones\/"},"modified":"2017-06-17T23:18:50","modified_gmt":"2017-06-17T23:18:50","slug":"installations","status":"publish","type":"page","link":"https:\/\/anisengrano.com\/fr\/installations\/","title":{"rendered":"Installations"},"content":{"rendered":"<div class=\"wpb-content-wrapper\"><p>[vc_row css_animation=\u00a0\u00bb\u00a0\u00bb row_type=\u00a0\u00bbrow\u00a0\u00bb use_row_as_full_screen_section=\u00a0\u00bbno\u00a0\u00bb type=\u00a0\u00bbgrid\u00a0\u00bb anchor=\u00a0\u00bbabout\u00a0\u00bb angled_section=\u00a0\u00bbno\u00a0\u00bb text_align=\u00a0\u00bbleft\u00a0\u00bb background_image_as_pattern=\u00a0\u00bbwithout_pattern\u00a0\u00bb][vc_column][vc_empty_space height=\u00a0\u00bb50px\u00a0\u00bb][vc_column_text]<\/p>\n<h2 style=\"text-align: center;\">Installations<\/h2>\n<p>[\/vc_column_text][vc_empty_space height=\u00a0\u00bb30px\u00a0\u00bb][vc_column_text]An\u00eds en Grano Sancho a fait le pari de l&rsquo;innovation. Notre proc\u00e9d\u00e9 de fabrication a \u00e9t\u00e9 adapt\u00e9 de mani\u00e8re \u00e0 pouvoir satisfaire les attentes de nos clients les plus exigeants.<\/p>\n<p>Gr\u00e2ce \u00e0 nos 3000\u00a0m<sup>2<\/sup> utilis\u00e9s pour l&rsquo;entreposage et la production, le syst\u00e8me \u00e0 la cha\u00eene permet de traiter 4000 tonnes par an et d&rsquo;obtenir un anis d&rsquo;un taux de puret\u00e9 de 99,80\u00a0%, ce qui contribue \u00e0 optimiser le processus de production de nos clients.[\/vc_column_text][vc_empty_space height=\u00a0\u00bb50px\u00a0\u00bb][vc_column_text]<\/p>\n<h2 style=\"text-align: center;\">Syst\u00e8me de nettoyage<\/h2>\n<p>[\/vc_column_text][vc_column_text]Notre syst\u00e8me de purification de l&rsquo;anis comprend trois \u00e9tapes distinctes, qui servent \u00e0 \u00e9liminer toute substance r\u00e9siduelle issue du proc\u00e9d\u00e9 de r\u00e9colte:[\/vc_column_text][vc_empty_space height=\u00a0\u00bb30px\u00a0\u00bb][vc_row_inner row_type=\u00a0\u00bbrow\u00a0\u00bb type=\u00a0\u00bbfull_width\u00a0\u00bb text_align=\u00a0\u00bbleft\u00a0\u00bb css_animation=\u00a0\u00bb\u00a0\u00bb][vc_column_inner width=\u00a0\u00bb1\/3&Prime;][vc_empty_space height=\u00a0\u00bb20px\u00a0\u00bb][vc_single_image image=\u00a0\u00bb351&Prime; img_size=\u00a0\u00bbfull\u00a0\u00bb alignment=\u00a0\u00bbcenter\u00a0\u00bb style=\u00a0\u00bbvc_box_rounded\u00a0\u00bb qode_css_animation=\u00a0\u00bb\u00a0\u00bb][vc_empty_space height=\u00a0\u00bb20px\u00a0\u00bb][vc_column_text]<\/p>\n<h3 style=\"text-align: center;\">Tamiseurs<\/h3>\n<p>[\/vc_column_text][vc_empty_space height=\u00a0\u00bb20px\u00a0\u00bb][vc_column_text]Gr\u00e2ce \u00e0 18 tamis au total, cette premi\u00e8re \u00e9tape permet d&rsquo;\u00e9liminer les impuret\u00e9s les plus lourdes, telles que les tiges, restes de terre, gravillons et autres graines lourdes. Par ailleurs, deux aspirateurs \u00e0 basse pression \u00e9liminent les impuret\u00e9s les plus volatiles, telles que les tiges fines, les petites feuilles et autres mati\u00e8res r\u00e9siduelles pr\u00e9sentant des caract\u00e9ristiques similaires, issues de la r\u00e9colte.[\/vc_column_text][\/vc_column_inner][vc_column_inner width=\u00a0\u00bb1\/3&Prime;][vc_empty_space height=\u00a0\u00bb20px\u00a0\u00bb][vc_single_image image=\u00a0\u00bb355&Prime; img_size=\u00a0\u00bbfull\u00a0\u00bb alignment=\u00a0\u00bbcenter\u00a0\u00bb style=\u00a0\u00bbvc_box_rounded\u00a0\u00bb qode_css_animation=\u00a0\u00bb\u00a0\u00bb][vc_empty_space height=\u00a0\u00bb20px\u00a0\u00bb][vc_column_text]<\/p>\n<h3 style=\"text-align: center;\">\u00c9pierreur<\/h3>\n<p>[\/vc_column_text][vc_empty_space height=\u00a0\u00bb20px\u00a0\u00bb][vc_column_text]Cette machine utilise un syst\u00e8me de poids-volume et se charge d&rsquo;\u00e9liminer les autres types de graines et petits cailloux.[\/vc_column_text][\/vc_column_inner][vc_column_inner width=\u00a0\u00bb1\/3&Prime;][vc_empty_space height=\u00a0\u00bb20px\u00a0\u00bb][vc_single_image image=\u00a0\u00bb353&Prime; img_size=\u00a0\u00bbfull\u00a0\u00bb alignment=\u00a0\u00bbcenter\u00a0\u00bb qode_css_animation=\u00a0\u00bb\u00a0\u00bb][vc_empty_space height=\u00a0\u00bb20px\u00a0\u00bb][vc_column_text]<\/p>\n<h3 style=\"text-align: center;\">Reconna\u00eetre<\/h3>\n<p>[\/vc_column_text][vc_empty_space height=\u00a0\u00bb20px\u00a0\u00bb][vc_column_text]Machine de tri optique FULL COLOR INFINITY 2\u00a0: pour nos clients les plus exigeants. Cette machine est capable de reconna\u00eetre 16 millions de couleurs et, contrairement \u00e0 d&rsquo;autres machines, son syst\u00e8me de soufflage haute pression permet d&rsquo;\u00e9liminer les graines r\u00e9siduelles qui ressemblent le plus \u00e0 celles de l&rsquo;anis.<\/p>\n<p>[\/vc_column_text][\/vc_column_inner][\/vc_row_inner][vc_empty_space height=\u00a0\u00bb50px\u00a0\u00bb][\/vc_column][\/vc_row][vc_row css_animation=\u00a0\u00bb\u00a0\u00bb row_type=\u00a0\u00bbrow\u00a0\u00bb use_row_as_full_screen_section=\u00a0\u00bbno\u00a0\u00bb type=\u00a0\u00bbgrid\u00a0\u00bb angled_section=\u00a0\u00bbno\u00a0\u00bb text_align=\u00a0\u00bbleft\u00a0\u00bb background_image_as_pattern=\u00a0\u00bbwithout_pattern\u00a0\u00bb background_color=\u00a0\u00bb#35a056&Prime;][vc_column][vc_empty_space height=\u00a0\u00bb50px\u00a0\u00bb][vc_column_text]<\/p>\n<h3 style=\"text-align: center;\"><span style=\"color: #ffffff;\">Le contr\u00f4le exhaustif, \u00e0 toutes les \u00e9tapes du proc\u00e9d\u00e9 et du tri, nous permet de garantir un niveau de qualit\u00e9 reconnu par les clients, qui nous renouvellent leur confiance d&rsquo;ann\u00e9e en ann\u00e9e.<\/span><\/h3>\n<p>[\/vc_column_text][vc_empty_space height=\u00a0\u00bb50px\u00a0\u00bb][\/vc_column][\/vc_row][vc_row css_animation=\u00a0\u00bb\u00a0\u00bb row_type=\u00a0\u00bbrow\u00a0\u00bb use_row_as_full_screen_section=\u00a0\u00bbno\u00a0\u00bb type=\u00a0\u00bbgrid\u00a0\u00bb angled_section=\u00a0\u00bbno\u00a0\u00bb text_align=\u00a0\u00bbleft\u00a0\u00bb background_image_as_pattern=\u00a0\u00bbwithout_pattern\u00a0\u00bb][vc_column][vc_empty_space height=\u00a0\u00bb50px\u00a0\u00bb][vc_column_text]<\/p>\n<h2 style=\"text-align: center;\">Laboratoire<\/h2>\n<p>[\/vc_column_text][vc_empty_space height=\u00a0\u00bb40px\u00a0\u00bb][vc_row_inner row_type=\u00a0\u00bbrow\u00a0\u00bb type=\u00a0\u00bbfull_width\u00a0\u00bb text_align=\u00a0\u00bbleft\u00a0\u00bb css_animation=\u00a0\u00bb\u00a0\u00bb][vc_column_inner width=\u00a0\u00bb1\/4&Prime;][vc_single_image image=\u00a0\u00bb358&Prime; img_size=\u00a0\u00bbfull\u00a0\u00bb alignment=\u00a0\u00bbcenter\u00a0\u00bb style=\u00a0\u00bbvc_box_rounded\u00a0\u00bb qode_css_animation=\u00a0\u00bb\u00a0\u00bb][\/vc_column_inner][vc_column_inner width=\u00a0\u00bb3\/4&Prime;][vc_column_text]An\u00eds en Grano Sancho dispose de surcro\u00eet de son propre laboratoire pour analyser le rendement en huile essentielle de tout notre anis. Ceci nous permet d&rsquo;effectuer un tri rapide en fonction de ses caract\u00e9ristiques et de d\u00e9cider \u00e0 quel client le distribuer.[\/vc_column_text][\/vc_column_inner][\/vc_row_inner][vc_empty_space height=\u00a0\u00bb50px\u00a0\u00bb][\/vc_column][\/vc_row][vc_row css_animation=\u00a0\u00bb\u00a0\u00bb row_type=\u00a0\u00bbrow\u00a0\u00bb use_row_as_full_screen_section=\u00a0\u00bbno\u00a0\u00bb type=\u00a0\u00bbfull_width\u00a0\u00bb angled_section=\u00a0\u00bbno\u00a0\u00bb text_align=\u00a0\u00bbleft\u00a0\u00bb background_image_as_pattern=\u00a0\u00bbwithout_pattern\u00a0\u00bb][vc_column]<div class=\"call_to_action normal\" style=\"background-color: #35a056;\"><div class=\"container_inner\"><div class=\"two_columns_75_25 clearfix\"><div class=\"text_wrapper column1\"><div class=\"call_to_action_text \" style=\"\">\n<h3><span style=\"color: #ffffff\">T\u00e9l\u00e9chargez ici notre catalogue<\/span><\/h3>\n<\/div><\/div><div class=\"button_wrapper column2\"><a itemprop=\"url\" href=\"\/catalogo-anis-en-grano-sancho-2017.pdf\" class=\"qbutton white \" target=\"_blank\" style=\"color: #ffffff;border-color: #35a056;background-color:#000000;\" data-hover-background-color=#ffffff data-hover-border-color=#35a056 data-hover-color=#35a056>CATALOGUE<\/a><\/div><\/div><\/div><\/div>[\/vc_column][\/vc_row]<\/p>\n<\/div>","protected":false},"excerpt":{"rendered":"<p>[vc_row css_animation=\u00a0\u00bb\u00a0\u00bb row_type=\u00a0\u00bbrow\u00a0\u00bb use_row_as_full_screen_section=\u00a0\u00bbno\u00a0\u00bb type=\u00a0\u00bbgrid\u00a0\u00bb anchor=\u00a0\u00bbabout\u00a0\u00bb angled_section=\u00a0\u00bbno\u00a0\u00bb text_align=\u00a0\u00bbleft\u00a0\u00bb background_image_as_pattern=\u00a0\u00bbwithout_pattern\u00a0\u00bb][vc_column][vc_empty_space height=\u00a0\u00bb50px\u00a0\u00bb][vc_column_text] Installations [\/vc_column_text][vc_empty_space height=\u00a0\u00bb30px\u00a0\u00bb][vc_column_text]An\u00eds en Grano Sancho a fait le pari de l&rsquo;innovation. Notre proc\u00e9d\u00e9 de fabrication a \u00e9t\u00e9 adapt\u00e9 de mani\u00e8re \u00e0 pouvoir satisfaire les attentes de nos clients les plus exigeants. Gr\u00e2ce \u00e0 nos&#8230;<\/p>\n","protected":false},"author":1,"featured_media":0,"parent":0,"menu_order":0,"comment_status":"closed","ping_status":"closed","template":"full_width.php","meta":{"footnotes":""},"class_list":["post-685","page","type-page","status-publish","hentry"],"yoast_head":"<!-- This site is optimized with the Yoast SEO plugin v27.4 - https:\/\/yoast.com\/product\/yoast-seo-wordpress\/ -->\n<title>Installations sp\u00e9cialis\u00e9es dans la purification de l&#039;anis \u2013 An\u00eds en Grano Sancho<\/title>\n<meta name=\"description\" content=\"Nous disposons de machines de derni\u00e8re g\u00e9n\u00e9ration, de notre propre laboratoire de tri et de 3000 m2 d&#039;entreposage rien que pour l&#039;anis en grain.\" \/>\n<meta name=\"robots\" content=\"index, follow, max-snippet:-1, max-image-preview:large, max-video-preview:-1\" \/>\n<link rel=\"canonical\" href=\"https:\/\/anisengrano.com\/fr\/installations\/\" \/>\n<meta property=\"og:locale\" content=\"fr_FR\" \/>\n<meta property=\"og:type\" content=\"article\" \/>\n<meta property=\"og:title\" content=\"Installations sp\u00e9cialis\u00e9es dans la purification de l&#039;anis \u2013 An\u00eds en Grano Sancho\" \/>\n<meta property=\"og:description\" content=\"Nous disposons de machines de derni\u00e8re g\u00e9n\u00e9ration, de notre propre laboratoire de tri et de 3000 m2 d&#039;entreposage rien que pour l&#039;anis en grain.\" \/>\n<meta property=\"og:url\" content=\"https:\/\/anisengrano.com\/fr\/installations\/\" \/>\n<meta property=\"og:site_name\" content=\"An\u00eds en Grano Sancho\" \/>\n<meta property=\"article:modified_time\" content=\"2017-06-17T23:18:50+00:00\" \/>\n<meta name=\"twitter:card\" content=\"summary_large_image\" \/>\n<meta name=\"twitter:label1\" content=\"Dur\u00e9e de lecture estim\u00e9e\" \/>\n\t<meta name=\"twitter:data1\" content=\"4 minutes\" \/>\n<script type=\"application\/ld+json\" class=\"yoast-schema-graph\">{\"@context\":\"https:\\\/\\\/schema.org\",\"@graph\":[{\"@type\":\"WebPage\",\"@id\":\"https:\\\/\\\/anisengrano.com\\\/fr\\\/installations\\\/\",\"url\":\"https:\\\/\\\/anisengrano.com\\\/fr\\\/installations\\\/\",\"name\":\"Installations sp\u00e9cialis\u00e9es dans la purification de l'anis \u2013 An\u00eds en Grano Sancho\",\"isPartOf\":{\"@id\":\"https:\\\/\\\/anisengrano.com\\\/#website\"},\"datePublished\":\"2017-04-05T12:57:15+00:00\",\"dateModified\":\"2017-06-17T23:18:50+00:00\",\"description\":\"Nous disposons de machines de derni\u00e8re g\u00e9n\u00e9ration, de notre propre laboratoire de tri et de 3000 m2 d'entreposage rien que pour l'anis en grain.\",\"breadcrumb\":{\"@id\":\"https:\\\/\\\/anisengrano.com\\\/fr\\\/installations\\\/#breadcrumb\"},\"inLanguage\":\"fr-FR\",\"potentialAction\":[{\"@type\":\"ReadAction\",\"target\":[\"https:\\\/\\\/anisengrano.com\\\/fr\\\/installations\\\/\"]}]},{\"@type\":\"BreadcrumbList\",\"@id\":\"https:\\\/\\\/anisengrano.com\\\/fr\\\/installations\\\/#breadcrumb\",\"itemListElement\":[{\"@type\":\"ListItem\",\"position\":1,\"name\":\"Portada\",\"item\":\"https:\\\/\\\/anisengrano.com\\\/fr\\\/\"},{\"@type\":\"ListItem\",\"position\":2,\"name\":\"Installations\"}]},{\"@type\":\"WebSite\",\"@id\":\"https:\\\/\\\/anisengrano.com\\\/#website\",\"url\":\"https:\\\/\\\/anisengrano.com\\\/\",\"name\":\"An\u00eds en Grano Sancho\",\"description\":\"Exportadores y distribuidores de An\u00eds en Grano\",\"potentialAction\":[{\"@type\":\"SearchAction\",\"target\":{\"@type\":\"EntryPoint\",\"urlTemplate\":\"https:\\\/\\\/anisengrano.com\\\/?s={search_term_string}\"},\"query-input\":{\"@type\":\"PropertyValueSpecification\",\"valueRequired\":true,\"valueName\":\"search_term_string\"}}],\"inLanguage\":\"fr-FR\"}]}<\/script>\n<!-- \/ Yoast SEO plugin. -->","yoast_head_json":{"title":"Installations sp\u00e9cialis\u00e9es dans la purification de l'anis \u2013 An\u00eds en Grano Sancho","description":"Nous disposons de machines de derni\u00e8re g\u00e9n\u00e9ration, de notre propre laboratoire de tri et de 3000 m2 d'entreposage rien que pour l'anis en grain.","robots":{"index":"index","follow":"follow","max-snippet":"max-snippet:-1","max-image-preview":"max-image-preview:large","max-video-preview":"max-video-preview:-1"},"canonical":"https:\/\/anisengrano.com\/fr\/installations\/","og_locale":"fr_FR","og_type":"article","og_title":"Installations sp\u00e9cialis\u00e9es dans la purification de l'anis \u2013 An\u00eds en Grano Sancho","og_description":"Nous disposons de machines de derni\u00e8re g\u00e9n\u00e9ration, de notre propre laboratoire de tri et de 3000 m2 d'entreposage rien que pour l'anis en grain.","og_url":"https:\/\/anisengrano.com\/fr\/installations\/","og_site_name":"An\u00eds en Grano Sancho","article_modified_time":"2017-06-17T23:18:50+00:00","twitter_card":"summary_large_image","twitter_misc":{"Dur\u00e9e de lecture estim\u00e9e":"4 minutes"},"schema":{"@context":"https:\/\/schema.org","@graph":[{"@type":"WebPage","@id":"https:\/\/anisengrano.com\/fr\/installations\/","url":"https:\/\/anisengrano.com\/fr\/installations\/","name":"Installations sp\u00e9cialis\u00e9es dans la purification de l'anis \u2013 An\u00eds en Grano Sancho","isPartOf":{"@id":"https:\/\/anisengrano.com\/#website"},"datePublished":"2017-04-05T12:57:15+00:00","dateModified":"2017-06-17T23:18:50+00:00","description":"Nous disposons de machines de derni\u00e8re g\u00e9n\u00e9ration, de notre propre laboratoire de tri et de 3000 m2 d'entreposage rien que pour l'anis en grain.","breadcrumb":{"@id":"https:\/\/anisengrano.com\/fr\/installations\/#breadcrumb"},"inLanguage":"fr-FR","potentialAction":[{"@type":"ReadAction","target":["https:\/\/anisengrano.com\/fr\/installations\/"]}]},{"@type":"BreadcrumbList","@id":"https:\/\/anisengrano.com\/fr\/installations\/#breadcrumb","itemListElement":[{"@type":"ListItem","position":1,"name":"Portada","item":"https:\/\/anisengrano.com\/fr\/"},{"@type":"ListItem","position":2,"name":"Installations"}]},{"@type":"WebSite","@id":"https:\/\/anisengrano.com\/#website","url":"https:\/\/anisengrano.com\/","name":"An\u00eds en Grano Sancho","description":"Exportadores y distribuidores de An\u00eds en Grano","potentialAction":[{"@type":"SearchAction","target":{"@type":"EntryPoint","urlTemplate":"https:\/\/anisengrano.com\/?s={search_term_string}"},"query-input":{"@type":"PropertyValueSpecification","valueRequired":true,"valueName":"search_term_string"}}],"inLanguage":"fr-FR"}]}},"_links":{"self":[{"href":"https:\/\/anisengrano.com\/fr\/wp-json\/wp\/v2\/pages\/685","targetHints":{"allow":["GET"]}}],"collection":[{"href":"https:\/\/anisengrano.com\/fr\/wp-json\/wp\/v2\/pages"}],"about":[{"href":"https:\/\/anisengrano.com\/fr\/wp-json\/wp\/v2\/types\/page"}],"author":[{"embeddable":true,"href":"https:\/\/anisengrano.com\/fr\/wp-json\/wp\/v2\/users\/1"}],"replies":[{"embeddable":true,"href":"https:\/\/anisengrano.com\/fr\/wp-json\/wp\/v2\/comments?post=685"}],"version-history":[{"count":0,"href":"https:\/\/anisengrano.com\/fr\/wp-json\/wp\/v2\/pages\/685\/revisions"}],"wp:attachment":[{"href":"https:\/\/anisengrano.com\/fr\/wp-json\/wp\/v2\/media?parent=685"}],"curies":[{"name":"wp","href":"https:\/\/api.w.org\/{rel}","templated":true}]}}