{"id":651,"date":"2016-07-11T14:27:40","date_gmt":"2016-07-11T14:27:40","guid":{"rendered":"https:\/\/anisengrano.com\/anis-grano-sancho\/"},"modified":"2017-06-21T10:27:34","modified_gmt":"2017-06-21T10:27:34","slug":"iniziazione","status":"publish","type":"page","link":"https:\/\/anisengrano.com\/it\/","title":{"rendered":"Iniziazione"},"content":{"rendered":"<div class=\"wpb-content-wrapper\"><p>[vc_row css_animation=&#8221;&#8221; row_type=&#8221;row&#8221; use_row_as_full_screen_section=&#8221;no&#8221; type=&#8221;grid&#8221; angled_section=&#8221;no&#8221; text_align=&#8221;center&#8221; background_image_as_pattern=&#8221;without_pattern&#8221;][vc_column][vc_empty_space height=&#8221;50px&#8221;][vc_column_text]<\/p>\n<h2 style=\"text-align: center;\">Esportazione e coltivazione di semi di anice spagnolo<\/h2>\n<p>[\/vc_column_text][vc_empty_space height=&#8221;30px&#8221;][vc_column_text]Siamo esportatori e fornitori all\u2019ingrosso di semi di anice. Esportiamo in Europa e in America, dove il nostro anice \u00e8 famoso per la sua eccellente qualit\u00e0.<\/p>\n<p>Ci occupiamo della coltivazione, lavorazione, pulizia e conservazione di tutto il nostro anice verde.[\/vc_column_text][vc_empty_space height=&#8221;50px&#8221;][vc_row_inner row_type=&#8221;row&#8221; type=&#8221;full_width&#8221; text_align=&#8221;left&#8221; css_animation=&#8221;&#8221;][vc_column_inner width=&#8221;1\/4&#8243;][vc_empty_space height=&#8221;15px&#8221;][vc_column_text]<\/p>\n<h3 style=\"text-align: center;\">Esperienza<\/h3>\n<p>[\/vc_column_text][vc_column_text]<\/p>\n<p style=\"text-align: center;\">Tre generazioni dedicate all\u2019anice ci rendono leader nel settore.<\/p>\n<p>[\/vc_column_text][\/vc_column_inner][vc_column_inner width=&#8221;1\/4&#8243;][vc_empty_space height=&#8221;15px&#8221;][vc_column_text]<\/p>\n<h3 style=\"text-align: center;\">Qualit\u00e0<\/h3>\n<p>[\/vc_column_text][vc_column_text]<\/p>\n<p style=\"text-align: center;\">Controlliamo il processo dall\u2019inizio alla fine, in modo da poter assicurare una qualit\u00e0 eccellente.<\/p>\n<p>[\/vc_column_text][\/vc_column_inner][vc_column_inner width=&#8221;1\/4&#8243;][vc_empty_space height=&#8221;15px&#8221;][vc_column_text]<\/p>\n<h3 style=\"text-align: center;\">Impegno<\/h3>\n<p>[\/vc_column_text][vc_column_text]<\/p>\n<p style=\"text-align: center;\">Abbiamo una stretta relazione con tutti gli attori della catena, dagli agricoltori ai clienti.<\/p>\n<p>[\/vc_column_text][\/vc_column_inner][vc_column_inner width=&#8221;1\/4&#8243;][vc_empty_space height=&#8221;15px&#8221;][vc_column_text]<\/p>\n<h3 style=\"text-align: center;\">Innovazione<\/h3>\n<p>[\/vc_column_text][vc_column_text]<\/p>\n<p style=\"text-align: center;\">Usiamo le ultime tecnologie per la pulizia e la coltivazione.<\/p>\n<p>[\/vc_column_text][\/vc_column_inner][\/vc_row_inner][vc_empty_space height=&#8221;50px&#8221;][\/vc_column][\/vc_row][vc_row css_animation=&#8221;&#8221; row_type=&#8221;row&#8221; use_row_as_full_screen_section=&#8221;no&#8221; type=&#8221;full_width&#8221; angled_section=&#8221;no&#8221; text_align=&#8221;center&#8221; background_image=&#8221;400&#8243; background_image_as_pattern=&#8221;without_pattern&#8221;][vc_column][vc_empty_space height=&#8221;100px&#8221;][vc_row_inner row_type=&#8221;row&#8221; type=&#8221;grid&#8221; text_align=&#8221;left&#8221; css_animation=&#8221;&#8221;][vc_column_inner width=&#8221;1\/4&#8243;][vc_single_image image=&#8221;406&#8243; img_size=&#8221;full&#8221; alignment=&#8221;center&#8221; style=&#8221;vc_box_circle_2&#8243; qode_css_animation=&#8221;&#8221;][\/vc_column_inner][vc_column_inner width=&#8221;3\/4&#8243;][vc_empty_space height=&#8221;50px&#8221;]<blockquote class=' with_quote_icon' style='width: 100%;'><i class='fa fa-quote-right' style='color: #ffffff;'><\/i><h5 class='blockquote-text' style='color: #ffffff;'>Il nostro obiettivo \u00e8 migliorare la qualit\u00e0 del prodotto che forniamo ai nostri clienti, offrendo loro un anice eccellente adatto alle loro necessit\u00e0.<\/h5><\/blockquote>[vc_empty_space height=&#8221;50px&#8221;][vc_column_text]<\/p>\n<p style=\"text-align: right;\"><span style=\"color: #ffffff;\"><strong>Francisco Sancho Hinojosa<\/strong><\/span><br \/>\n<span style=\"color: #ffffff;\"><em>Direttore<\/em><\/span><\/p>\n<p>[\/vc_column_text][\/vc_column_inner][\/vc_row_inner][vc_empty_space height=&#8221;100px&#8221;][\/vc_column][\/vc_row][vc_row css_animation=&#8221;&#8221; row_type=&#8221;row&#8221; use_row_as_full_screen_section=&#8221;no&#8221; type=&#8221;full_width&#8221; angled_section=&#8221;no&#8221; text_align=&#8221;left&#8221; background_image_as_pattern=&#8221;without_pattern&#8221;][vc_column]<div class=\"call_to_action normal\" style=\"background-color: #35a056;border-top: 1px solid rgba(0,0,0,0.01);\"><div class=\"container_inner\"><div class=\"two_columns_75_25 clearfix\"><div class=\"text_wrapper column1\"><div class=\"call_to_action_text \" style=\"\">\n<h3><span style=\"color: #ffffff\">Contattateci e ottenere maggiori informazioni senza impegno<\/span><\/h3>\n<\/div><\/div><div class=\"button_wrapper column2\"><a itemprop=\"url\" href=\"\/it\/contatto\" class=\"qbutton white \" target=\"_self\" style=\"color: #ffffff;border-color: #35a056;background-color:#000000;\" data-hover-background-color=#ffffff data-hover-border-color=#35a056 data-hover-color=#35a056>CONTATTO<\/a><\/div><\/div><\/div><\/div>[\/vc_column][\/vc_row][vc_row css_animation=&#8221;&#8221; row_type=&#8221;row&#8221; use_row_as_full_screen_section=&#8221;no&#8221; type=&#8221;full_width&#8221; angled_section=&#8221;no&#8221; text_align=&#8221;left&#8221; background_image_as_pattern=&#8221;without_pattern&#8221;][vc_column][vc_empty_space height=&#8221;50px&#8221;][vc_column_text]<\/p>\n<h2 style=\"text-align: center;\">Per saperne di pi\u00f9<\/h2>\n<p>[\/vc_column_text][vc_empty_space height=&#8221;35px&#8221;][vc_row_inner row_type=&#8221;row&#8221; type=&#8221;grid&#8221; text_align=&#8221;left&#8221; css_animation=&#8221;&#8221;][vc_column_inner width=&#8221;1\/3&#8243;][vc_empty_space height=&#8221;15px&#8221;][vc_single_image image=&#8221;391&#8243; img_size=&#8221;full&#8221; alignment=&#8221;center&#8221; style=&#8221;vc_box_rounded&#8221; onclick=&#8221;custom_link&#8221; qode_css_animation=&#8221;element_from_left&#8221; transition_delay=&#8221;0.2&#8243; link=&#8221;\/it\/il-nostro-anice\/&#8221;][vc_empty_space height=&#8221;15px&#8221;][vc_column_text]<\/p>\n<h3 style=\"text-align: center;\">Il Nostro Anice<\/h3>\n<p>[\/vc_column_text][vc_column_text]<\/p>\n<p style=\"text-align: center;\">Tutto quello che c\u2019\u00e8 da sapere sul nostro prodotto.<\/p>\n<p>[\/vc_column_text][vc_empty_space height=&#8221;15px&#8221;][vc_empty_space height=&#8221;27px&#8221;]<a  itemprop=\"url\" href=\"\/it\/il-nostro-anice\/\" target=\"_self\"  class=\"qbutton  small default\" style=\"\">Per saperne di pi\u00f9<i class=\"qode_icon_font_awesome fa fa-plus qode_button_icon_element\" style=\"color: #ffffff\"><\/i><\/a>[\/vc_column_inner][vc_column_inner width=&#8221;1\/3&#8243;][vc_empty_space height=&#8221;15px&#8221;][vc_single_image image=&#8221;389&#8243; img_size=&#8221;full&#8221; alignment=&#8221;center&#8221; style=&#8221;vc_box_rounded&#8221; onclick=&#8221;custom_link&#8221; qode_css_animation=&#8221;element_from_left&#8221; transition_delay=&#8221;0.4&#8243; link=&#8221;\/it\/su-di-noi\/&#8221;][vc_empty_space height=&#8221;15px&#8221;][vc_column_text]<\/p>\n<h3 style=\"text-align: center;\">Approfondimenti<\/h3>\n<p>[\/vc_column_text][vc_column_text]<\/p>\n<p style=\"text-align: center;\">Conosca la nostra azienda: storia, missione, visione, valori e il nostro staff.<\/p>\n<p>[\/vc_column_text][vc_empty_space height=&#8221;15px&#8221;]<a  itemprop=\"url\" href=\"\/it\/su-di-noi\/\" target=\"_self\"  class=\"qbutton  small default\" style=\"\">Per saperne di pi\u00f9<i class=\"qode_icon_font_awesome fa fa-plus qode_button_icon_element\" style=\"color: #ffffff\"><\/i><\/a>[\/vc_column_inner][vc_column_inner width=&#8221;1\/3&#8243;][vc_empty_space height=&#8221;15px&#8221;][vc_single_image image=&#8221;390&#8243; img_size=&#8221;full&#8221; alignment=&#8221;center&#8221; style=&#8221;vc_box_rounded&#8221; onclick=&#8221;custom_link&#8221; qode_css_animation=&#8221;element_from_left&#8221; transition_delay=&#8221;0.6&#8243; link=&#8221;\/it\/impianti\/&#8221;][vc_empty_space height=&#8221;15px&#8221;][vc_column_text]<\/p>\n<h3 style=\"text-align: center;\">Lo Stabilimento<\/h3>\n<p>[\/vc_column_text][vc_column_text]<\/p>\n<p style=\"text-align: center;\">Tutte le informazioni sui nostri impianti e il processo di produzione.<\/p>\n<p>[\/vc_column_text][vc_empty_space height=&#8221;15px&#8221;]<a  itemprop=\"url\" href=\"\/it\/impianti\/\" target=\"_self\"  class=\"qbutton  small default\" style=\"\">Per saperne di pi\u00f9<i class=\"qode_icon_font_awesome fa fa-plus qode_button_icon_element\" style=\"color: #ffffff\"><\/i><\/a>[\/vc_column_inner][\/vc_row_inner][vc_empty_space height=&#8221;50px&#8221;][\/vc_column][\/vc_row][vc_row css_animation=&#8221;&#8221; row_type=&#8221;row&#8221; use_row_as_full_screen_section=&#8221;no&#8221; type=&#8221;full_width&#8221; angled_section=&#8221;no&#8221; text_align=&#8221;left&#8221; background_image_as_pattern=&#8221;without_pattern&#8221;][vc_column]<div class=\"call_to_action normal\" style=\"background-color: #35a056;\"><div class=\"container_inner\"><div class=\"two_columns_75_25 clearfix\"><div class=\"text_wrapper column1\"><div class=\"call_to_action_text \" style=\"\">\n<h3><span style=\"color: #ffffff\">Scaricare il nostro catalogo qui<\/span><\/h3>\n<\/div><\/div><div class=\"button_wrapper column2\"><a itemprop=\"url\" href=\"\/catalogo-anis-en-grano-sancho-2017.pdf\" class=\"qbutton white \" target=\"_blank\" style=\"color: #ffffff;border-color: #35a056;background-color:#000000;\" data-hover-background-color=#ffffff data-hover-border-color=#35a056 data-hover-color=#35a056>CATALOGO<\/a><\/div><\/div><\/div><\/div>[\/vc_column][\/vc_row]<\/p>\n<\/div>","protected":false},"excerpt":{"rendered":"<p>[vc_row css_animation=&#8221;&#8221; row_type=&#8221;row&#8221; use_row_as_full_screen_section=&#8221;no&#8221; type=&#8221;grid&#8221; angled_section=&#8221;no&#8221; text_align=&#8221;center&#8221; background_image_as_pattern=&#8221;without_pattern&#8221;][vc_column][vc_empty_space height=&#8221;50px&#8221;][vc_column_text] Esportazione e coltivazione di semi di anice spagnolo [\/vc_column_text][vc_empty_space height=&#8221;30px&#8221;][vc_column_text]Siamo esportatori e fornitori all\u2019ingrosso di semi di anice. Esportiamo in Europa e in America, dove il nostro anice \u00e8 famoso per la sua eccellente qualit\u00e0. Ci&#8230;<\/p>\n","protected":false},"author":1,"featured_media":0,"parent":0,"menu_order":0,"comment_status":"closed","ping_status":"closed","template":"full_width.php","meta":{"footnotes":""},"class_list":["post-651","page","type-page","status-publish","hentry"],"yoast_head":"<!-- This site is optimized with the Yoast SEO plugin v27.3 - https:\/\/yoast.com\/product\/yoast-seo-wordpress\/ -->\n<title>Esportazione e coltivazione di semi di anice spagnolo \u2013 An\u00eds en Grano Sancho<\/title>\n<meta name=\"description\" content=\"Coltivazione, lavorazione, conservazione e distribuzione di semi di anice o anice verde. Esportiamo in Europa e in America. Per saperne di pi\u00f9 su An\u00eds en Grano Sancho.\" \/>\n<meta name=\"robots\" content=\"index, follow, max-snippet:-1, max-image-preview:large, max-video-preview:-1\" \/>\n<link rel=\"canonical\" href=\"https:\/\/anisengrano.com\/it\/\" \/>\n<meta property=\"og:locale\" content=\"it_IT\" \/>\n<meta property=\"og:type\" content=\"article\" \/>\n<meta property=\"og:title\" content=\"Esportazione e coltivazione di semi di anice spagnolo \u2013 An\u00eds en Grano Sancho\" \/>\n<meta property=\"og:description\" content=\"Coltivazione, lavorazione, conservazione e distribuzione di semi di anice o anice verde. Esportiamo in Europa e in America. Per saperne di pi\u00f9 su An\u00eds en Grano Sancho.\" \/>\n<meta property=\"og:url\" content=\"https:\/\/anisengrano.com\/it\/\" \/>\n<meta property=\"og:site_name\" content=\"An\u00eds en Grano Sancho\" \/>\n<meta property=\"article:modified_time\" content=\"2017-06-21T10:27:34+00:00\" \/>\n<meta name=\"twitter:card\" content=\"summary_large_image\" \/>\n<meta name=\"twitter:label1\" content=\"Tempo di lettura stimato\" \/>\n\t<meta name=\"twitter:data1\" content=\"5 minuti\" \/>\n<script type=\"application\/ld+json\" class=\"yoast-schema-graph\">{\"@context\":\"https:\\\/\\\/schema.org\",\"@graph\":[{\"@type\":\"WebPage\",\"@id\":\"https:\\\/\\\/anisengrano.com\\\/it\\\/\",\"url\":\"https:\\\/\\\/anisengrano.com\\\/it\\\/\",\"name\":\"Esportazione e coltivazione di semi di anice spagnolo \u2013 An\u00eds en Grano Sancho\",\"isPartOf\":{\"@id\":\"https:\\\/\\\/anisengrano.com\\\/#website\"},\"datePublished\":\"2016-07-11T14:27:40+00:00\",\"dateModified\":\"2017-06-21T10:27:34+00:00\",\"description\":\"Coltivazione, lavorazione, conservazione e distribuzione di semi di anice o anice verde. Esportiamo in Europa e in America. Per saperne di pi\u00f9 su An\u00eds en Grano Sancho.\",\"breadcrumb\":{\"@id\":\"https:\\\/\\\/anisengrano.com\\\/it\\\/#breadcrumb\"},\"inLanguage\":\"it-IT\",\"potentialAction\":[{\"@type\":\"ReadAction\",\"target\":[\"https:\\\/\\\/anisengrano.com\\\/it\\\/\"]}]},{\"@type\":\"BreadcrumbList\",\"@id\":\"https:\\\/\\\/anisengrano.com\\\/it\\\/#breadcrumb\",\"itemListElement\":[{\"@type\":\"ListItem\",\"position\":1,\"name\":\"Portada\",\"item\":\"https:\\\/\\\/anisengrano.com\\\/it\\\/\"},{\"@type\":\"ListItem\",\"position\":2,\"name\":\"Iniziazione\"}]},{\"@type\":\"WebSite\",\"@id\":\"https:\\\/\\\/anisengrano.com\\\/#website\",\"url\":\"https:\\\/\\\/anisengrano.com\\\/\",\"name\":\"An\u00eds en Grano Sancho\",\"description\":\"Exportadores y distribuidores de An\u00eds en Grano\",\"potentialAction\":[{\"@type\":\"SearchAction\",\"target\":{\"@type\":\"EntryPoint\",\"urlTemplate\":\"https:\\\/\\\/anisengrano.com\\\/?s={search_term_string}\"},\"query-input\":{\"@type\":\"PropertyValueSpecification\",\"valueRequired\":true,\"valueName\":\"search_term_string\"}}],\"inLanguage\":\"it-IT\"}]}<\/script>\n<!-- \/ Yoast SEO plugin. -->","yoast_head_json":{"title":"Esportazione e coltivazione di semi di anice spagnolo \u2013 An\u00eds en Grano Sancho","description":"Coltivazione, lavorazione, conservazione e distribuzione di semi di anice o anice verde. Esportiamo in Europa e in America. Per saperne di pi\u00f9 su An\u00eds en Grano Sancho.","robots":{"index":"index","follow":"follow","max-snippet":"max-snippet:-1","max-image-preview":"max-image-preview:large","max-video-preview":"max-video-preview:-1"},"canonical":"https:\/\/anisengrano.com\/it\/","og_locale":"it_IT","og_type":"article","og_title":"Esportazione e coltivazione di semi di anice spagnolo \u2013 An\u00eds en Grano Sancho","og_description":"Coltivazione, lavorazione, conservazione e distribuzione di semi di anice o anice verde. Esportiamo in Europa e in America. Per saperne di pi\u00f9 su An\u00eds en Grano Sancho.","og_url":"https:\/\/anisengrano.com\/it\/","og_site_name":"An\u00eds en Grano Sancho","article_modified_time":"2017-06-21T10:27:34+00:00","twitter_card":"summary_large_image","twitter_misc":{"Tempo di lettura stimato":"5 minuti"},"schema":{"@context":"https:\/\/schema.org","@graph":[{"@type":"WebPage","@id":"https:\/\/anisengrano.com\/it\/","url":"https:\/\/anisengrano.com\/it\/","name":"Esportazione e coltivazione di semi di anice spagnolo \u2013 An\u00eds en Grano Sancho","isPartOf":{"@id":"https:\/\/anisengrano.com\/#website"},"datePublished":"2016-07-11T14:27:40+00:00","dateModified":"2017-06-21T10:27:34+00:00","description":"Coltivazione, lavorazione, conservazione e distribuzione di semi di anice o anice verde. Esportiamo in Europa e in America. Per saperne di pi\u00f9 su An\u00eds en Grano Sancho.","breadcrumb":{"@id":"https:\/\/anisengrano.com\/it\/#breadcrumb"},"inLanguage":"it-IT","potentialAction":[{"@type":"ReadAction","target":["https:\/\/anisengrano.com\/it\/"]}]},{"@type":"BreadcrumbList","@id":"https:\/\/anisengrano.com\/it\/#breadcrumb","itemListElement":[{"@type":"ListItem","position":1,"name":"Portada","item":"https:\/\/anisengrano.com\/it\/"},{"@type":"ListItem","position":2,"name":"Iniziazione"}]},{"@type":"WebSite","@id":"https:\/\/anisengrano.com\/#website","url":"https:\/\/anisengrano.com\/","name":"An\u00eds en Grano Sancho","description":"Exportadores y distribuidores de An\u00eds en Grano","potentialAction":[{"@type":"SearchAction","target":{"@type":"EntryPoint","urlTemplate":"https:\/\/anisengrano.com\/?s={search_term_string}"},"query-input":{"@type":"PropertyValueSpecification","valueRequired":true,"valueName":"search_term_string"}}],"inLanguage":"it-IT"}]}},"_links":{"self":[{"href":"https:\/\/anisengrano.com\/it\/wp-json\/wp\/v2\/pages\/651","targetHints":{"allow":["GET"]}}],"collection":[{"href":"https:\/\/anisengrano.com\/it\/wp-json\/wp\/v2\/pages"}],"about":[{"href":"https:\/\/anisengrano.com\/it\/wp-json\/wp\/v2\/types\/page"}],"author":[{"embeddable":true,"href":"https:\/\/anisengrano.com\/it\/wp-json\/wp\/v2\/users\/1"}],"replies":[{"embeddable":true,"href":"https:\/\/anisengrano.com\/it\/wp-json\/wp\/v2\/comments?post=651"}],"version-history":[{"count":0,"href":"https:\/\/anisengrano.com\/it\/wp-json\/wp\/v2\/pages\/651\/revisions"}],"wp:attachment":[{"href":"https:\/\/anisengrano.com\/it\/wp-json\/wp\/v2\/media?parent=651"}],"curies":[{"name":"wp","href":"https:\/\/api.w.org\/{rel}","templated":true}]}}