{"id":687,"date":"2017-04-05T12:57:15","date_gmt":"2017-04-05T12:57:15","guid":{"rendered":"https:\/\/anisengrano.com\/instalaciones\/"},"modified":"2017-06-17T23:38:32","modified_gmt":"2017-06-17T23:38:32","slug":"impianti","status":"publish","type":"page","link":"https:\/\/anisengrano.com\/it\/impianti\/","title":{"rendered":"Impianti"},"content":{"rendered":"<div class=\"wpb-content-wrapper\"><p>[vc_row css_animation=&#8221;&#8221; row_type=&#8221;row&#8221; use_row_as_full_screen_section=&#8221;no&#8221; type=&#8221;grid&#8221; anchor=&#8221;about&#8221; angled_section=&#8221;no&#8221; text_align=&#8221;left&#8221; background_image_as_pattern=&#8221;without_pattern&#8221;][vc_column][vc_empty_space height=&#8221;50px&#8221;][vc_column_text]<\/p>\n<h2 style=\"text-align: center;\">Impianti<\/h2>\n<p>[\/vc_column_text][vc_empty_space height=&#8221;30px&#8221;][vc_column_text]Noi di An\u00eds en Grano Sancho crediamo nell\u2019innovazione. Adattiamo i nostri processi di produzione per soddisfare le necessit\u00e0 dei nostri clienti pi\u00f9 esigenti.<\/p>\n<p>Abbiamo a disposizione 3.000 m<sup>2<\/sup> riservati allo stoccaggio e alla produzione, e il processo a catena ci permette di lavorare 4.000 tonnellate all\u2019anno, ottenendo un anice puro al 99,80% che aiuta i nostri clienti ad ottimizzare i processi produttivi.[\/vc_column_text][vc_empty_space height=&#8221;50px&#8221;][vc_column_text]<\/p>\n<h2 style=\"text-align: center;\">Sistema di pulizia<\/h2>\n<p>[\/vc_column_text][vc_column_text]Per eliminare tutti i residui provenienti dal processo di raccolta, il nostro sistema di pulizia dell\u2019anice si avvale di tre fasi distinte:[\/vc_column_text][vc_empty_space height=&#8221;30px&#8221;][vc_row_inner row_type=&#8221;row&#8221; type=&#8221;full_width&#8221; text_align=&#8221;left&#8221; css_animation=&#8221;&#8221;][vc_column_inner width=&#8221;1\/3&#8243;][vc_empty_space height=&#8221;20px&#8221;][vc_single_image image=&#8221;351&#8243; img_size=&#8221;full&#8221; alignment=&#8221;center&#8221; style=&#8221;vc_box_rounded&#8221; qode_css_animation=&#8221;&#8221;][vc_empty_space height=&#8221;20px&#8221;][vc_column_text]<\/p>\n<h3 style=\"text-align: center;\">Setacciatura<\/h3>\n<p>[\/vc_column_text][vc_empty_space height=&#8221;20px&#8221;][vc_column_text]Con un totale di 18 setacci, in questa prima fase vengono eliminate le impurit\u00e0 pi\u00f9 grandi, come legni, terra, residui e altri semi pesanti. Inoltre, due aspiratori a bassa pressione eliminano le impurit\u00e0 pi\u00f9 volatili, come pezzetti di legno, piccole foglie e altri residui simili, derivanti tutti dalla raccolta.[\/vc_column_text][\/vc_column_inner][vc_column_inner width=&#8221;1\/3&#8243;][vc_empty_space height=&#8221;20px&#8221;][vc_single_image image=&#8221;355&#8243; img_size=&#8221;full&#8221; alignment=&#8221;center&#8221; style=&#8221;vc_box_rounded&#8221; qode_css_animation=&#8221;&#8221;][vc_empty_space height=&#8221;20px&#8221;][vc_column_text]<\/p>\n<h3 style=\"text-align: center;\">Spietratura<\/h3>\n<p>[\/vc_column_text][vc_empty_space height=&#8221;20px&#8221;][vc_column_text]Prevede l\u2019uso di un macchinario (spietratore) che elimina altri semi e piccole pietre attraverso un sistema peso-volume.[\/vc_column_text][\/vc_column_inner][vc_column_inner width=&#8221;1\/3&#8243;][vc_empty_space height=&#8221;20px&#8221;][vc_single_image image=&#8221;353&#8243; img_size=&#8221;full&#8221; alignment=&#8221;center&#8221; qode_css_animation=&#8221;&#8221;][vc_empty_space height=&#8221;20px&#8221;][vc_column_text]<\/p>\n<h3 style=\"text-align: center;\">Selezionatrici<\/h3>\n<p>[\/vc_column_text][vc_empty_space height=&#8221;20px&#8221;][vc_column_text]Impiego della selezionatrice ottica FULL COLOR INFINITY 2: per i nostri clienti pi\u00f9 esigenti, questa macchina \u00e8 in grado di riconoscere 16 milioni di colori e, attraverso un sistema di getti d\u2019aria ad alta pressione, elimina semi di scarto molto simili a quelli dell\u2019anice, che altre macchine non sono in grado di eliminare.[\/vc_column_text][\/vc_column_inner][\/vc_row_inner][vc_empty_space height=&#8221;50px&#8221;][\/vc_column][\/vc_row][vc_row css_animation=&#8221;&#8221; row_type=&#8221;row&#8221; use_row_as_full_screen_section=&#8221;no&#8221; type=&#8221;grid&#8221; angled_section=&#8221;no&#8221; text_align=&#8221;left&#8221; background_image_as_pattern=&#8221;without_pattern&#8221; background_color=&#8221;#35a056&#8243;][vc_column][vc_empty_space height=&#8221;50px&#8221;][vc_column_text]<\/p>\n<h3 style=\"text-align: center;\"><span style=\"color: #ffffff;\">Grazie allo standard di qualit\u00e0 che garantiamo attraverso un accurato controllo durante tutte le fasi del processo e della classificazione, i nostri clienti ripongono in noi la loro fiducia anno dopo anno.<\/span><\/h3>\n<p>[\/vc_column_text][vc_empty_space height=&#8221;50px&#8221;][\/vc_column][\/vc_row][vc_row css_animation=&#8221;&#8221; row_type=&#8221;row&#8221; use_row_as_full_screen_section=&#8221;no&#8221; type=&#8221;grid&#8221; angled_section=&#8221;no&#8221; text_align=&#8221;left&#8221; background_image_as_pattern=&#8221;without_pattern&#8221;][vc_column][vc_empty_space height=&#8221;50px&#8221;][vc_column_text]<\/p>\n<h2 style=\"text-align: center;\">Laboratorio<\/h2>\n<p>[\/vc_column_text][vc_empty_space height=&#8221;40px&#8221;][vc_row_inner row_type=&#8221;row&#8221; type=&#8221;full_width&#8221; text_align=&#8221;left&#8221; css_animation=&#8221;&#8221;][vc_column_inner width=&#8221;1\/4&#8243;][vc_single_image image=&#8221;358&#8243; img_size=&#8221;full&#8221; alignment=&#8221;center&#8221; style=&#8221;vc_box_rounded&#8221; qode_css_animation=&#8221;&#8221;][\/vc_column_inner][vc_column_inner width=&#8221;3\/4&#8243;][vc_column_text]Inoltre, in An\u00eds en Grano Sancho disponiamo di un laboratorio di nostra propriet\u00e0, per analizzare il rendimento in olio essenziale di tutto il nostro anice. Questo, ci permette una rapida classificazione in base alle caratteristiche, consentendoci di sapere a quale cliente pu\u00f2 essere fornito.[\/vc_column_text][\/vc_column_inner][\/vc_row_inner][vc_empty_space height=&#8221;50px&#8221;][\/vc_column][\/vc_row][vc_row css_animation=&#8221;&#8221; row_type=&#8221;row&#8221; use_row_as_full_screen_section=&#8221;no&#8221; type=&#8221;full_width&#8221; angled_section=&#8221;no&#8221; text_align=&#8221;left&#8221; background_image_as_pattern=&#8221;without_pattern&#8221;][vc_column][vc_column_text]<\/p>\n<p>[\/vc_column_text][\/vc_column][\/vc_row][vc_row css_animation=&#8221;&#8221; row_type=&#8221;row&#8221; use_row_as_full_screen_section=&#8221;no&#8221; type=&#8221;full_width&#8221; angled_section=&#8221;no&#8221; text_align=&#8221;left&#8221; background_image_as_pattern=&#8221;without_pattern&#8221;][vc_column]<div class=\"call_to_action normal\" style=\"background-color: #35a056;\"><div class=\"container_inner\"><div class=\"two_columns_75_25 clearfix\"><div class=\"text_wrapper column1\"><div class=\"call_to_action_text \" style=\"\">\n<h3><span style=\"color: #ffffff\">Scaricare il nostro catalogo qui<\/span><\/h3>\n<\/div><\/div><div class=\"button_wrapper column2\"><a itemprop=\"url\" href=\"\/catalogo-anis-en-grano-sancho-2017.pdf\" class=\"qbutton white \" target=\"_blank\" style=\"color: #ffffff;border-color: #35a056;background-color:#000000;\" data-hover-background-color=#ffffff data-hover-border-color=#35a056 data-hover-color=#35a056>CATALOGO<\/a><\/div><\/div><\/div><\/div>[\/vc_column][\/vc_row]<\/p>\n<\/div>","protected":false},"excerpt":{"rendered":"<p>[vc_row css_animation=&#8221;&#8221; row_type=&#8221;row&#8221; use_row_as_full_screen_section=&#8221;no&#8221; type=&#8221;grid&#8221; anchor=&#8221;about&#8221; angled_section=&#8221;no&#8221; text_align=&#8221;left&#8221; background_image_as_pattern=&#8221;without_pattern&#8221;][vc_column][vc_empty_space height=&#8221;50px&#8221;][vc_column_text] Impianti [\/vc_column_text][vc_empty_space height=&#8221;30px&#8221;][vc_column_text]Noi di An\u00eds en Grano Sancho crediamo nell\u2019innovazione. Adattiamo i nostri processi di produzione per soddisfare le necessit\u00e0 dei nostri clienti pi\u00f9 esigenti. Abbiamo a disposizione 3.000 m2 riservati allo stoccaggio e alla&#8230;<\/p>\n","protected":false},"author":1,"featured_media":0,"parent":0,"menu_order":0,"comment_status":"closed","ping_status":"closed","template":"full_width.php","meta":{"footnotes":""},"class_list":["post-687","page","type-page","status-publish","hentry"],"yoast_head":"<!-- This site is optimized with the Yoast SEO plugin v27.4 - https:\/\/yoast.com\/product\/yoast-seo-wordpress\/ -->\n<title>Impianti specializzati nella pulizia dell\u2019anice \u2013 An\u00eds en Grano Sancho<\/title>\n<meta name=\"description\" content=\"Disponiamo di macchine di ultima generazione, di un nostro laboratorio per la classificazione e di 3.000 m2 riservati allo stoccaggio dei semi di anice.\" \/>\n<meta name=\"robots\" content=\"index, follow, max-snippet:-1, max-image-preview:large, max-video-preview:-1\" \/>\n<link rel=\"canonical\" href=\"https:\/\/anisengrano.com\/it\/impianti\/\" \/>\n<meta property=\"og:locale\" content=\"it_IT\" \/>\n<meta property=\"og:type\" content=\"article\" \/>\n<meta property=\"og:title\" content=\"Impianti specializzati nella pulizia dell\u2019anice \u2013 An\u00eds en Grano Sancho\" \/>\n<meta property=\"og:description\" content=\"Disponiamo di macchine di ultima generazione, di un nostro laboratorio per la classificazione e di 3.000 m2 riservati allo stoccaggio dei semi di anice.\" \/>\n<meta property=\"og:url\" content=\"https:\/\/anisengrano.com\/it\/impianti\/\" \/>\n<meta property=\"og:site_name\" content=\"An\u00eds en Grano Sancho\" \/>\n<meta property=\"article:modified_time\" content=\"2017-06-17T23:38:32+00:00\" \/>\n<meta name=\"twitter:card\" content=\"summary_large_image\" \/>\n<meta name=\"twitter:label1\" content=\"Tempo di lettura stimato\" \/>\n\t<meta name=\"twitter:data1\" content=\"4 minuti\" \/>\n<script type=\"application\/ld+json\" class=\"yoast-schema-graph\">{\"@context\":\"https:\\\/\\\/schema.org\",\"@graph\":[{\"@type\":\"WebPage\",\"@id\":\"https:\\\/\\\/anisengrano.com\\\/it\\\/impianti\\\/\",\"url\":\"https:\\\/\\\/anisengrano.com\\\/it\\\/impianti\\\/\",\"name\":\"Impianti specializzati nella pulizia dell\u2019anice \u2013 An\u00eds en Grano Sancho\",\"isPartOf\":{\"@id\":\"https:\\\/\\\/anisengrano.com\\\/#website\"},\"datePublished\":\"2017-04-05T12:57:15+00:00\",\"dateModified\":\"2017-06-17T23:38:32+00:00\",\"description\":\"Disponiamo di macchine di ultima generazione, di un nostro laboratorio per la classificazione e di 3.000 m2 riservati allo stoccaggio dei semi di anice.\",\"breadcrumb\":{\"@id\":\"https:\\\/\\\/anisengrano.com\\\/it\\\/impianti\\\/#breadcrumb\"},\"inLanguage\":\"it-IT\",\"potentialAction\":[{\"@type\":\"ReadAction\",\"target\":[\"https:\\\/\\\/anisengrano.com\\\/it\\\/impianti\\\/\"]}]},{\"@type\":\"BreadcrumbList\",\"@id\":\"https:\\\/\\\/anisengrano.com\\\/it\\\/impianti\\\/#breadcrumb\",\"itemListElement\":[{\"@type\":\"ListItem\",\"position\":1,\"name\":\"Portada\",\"item\":\"https:\\\/\\\/anisengrano.com\\\/it\\\/\"},{\"@type\":\"ListItem\",\"position\":2,\"name\":\"Impianti\"}]},{\"@type\":\"WebSite\",\"@id\":\"https:\\\/\\\/anisengrano.com\\\/#website\",\"url\":\"https:\\\/\\\/anisengrano.com\\\/\",\"name\":\"An\u00eds en Grano Sancho\",\"description\":\"Exportadores y distribuidores de An\u00eds en Grano\",\"potentialAction\":[{\"@type\":\"SearchAction\",\"target\":{\"@type\":\"EntryPoint\",\"urlTemplate\":\"https:\\\/\\\/anisengrano.com\\\/?s={search_term_string}\"},\"query-input\":{\"@type\":\"PropertyValueSpecification\",\"valueRequired\":true,\"valueName\":\"search_term_string\"}}],\"inLanguage\":\"it-IT\"}]}<\/script>\n<!-- \/ Yoast SEO plugin. -->","yoast_head_json":{"title":"Impianti specializzati nella pulizia dell\u2019anice \u2013 An\u00eds en Grano Sancho","description":"Disponiamo di macchine di ultima generazione, di un nostro laboratorio per la classificazione e di 3.000 m2 riservati allo stoccaggio dei semi di anice.","robots":{"index":"index","follow":"follow","max-snippet":"max-snippet:-1","max-image-preview":"max-image-preview:large","max-video-preview":"max-video-preview:-1"},"canonical":"https:\/\/anisengrano.com\/it\/impianti\/","og_locale":"it_IT","og_type":"article","og_title":"Impianti specializzati nella pulizia dell\u2019anice \u2013 An\u00eds en Grano Sancho","og_description":"Disponiamo di macchine di ultima generazione, di un nostro laboratorio per la classificazione e di 3.000 m2 riservati allo stoccaggio dei semi di anice.","og_url":"https:\/\/anisengrano.com\/it\/impianti\/","og_site_name":"An\u00eds en Grano Sancho","article_modified_time":"2017-06-17T23:38:32+00:00","twitter_card":"summary_large_image","twitter_misc":{"Tempo di lettura stimato":"4 minuti"},"schema":{"@context":"https:\/\/schema.org","@graph":[{"@type":"WebPage","@id":"https:\/\/anisengrano.com\/it\/impianti\/","url":"https:\/\/anisengrano.com\/it\/impianti\/","name":"Impianti specializzati nella pulizia dell\u2019anice \u2013 An\u00eds en Grano Sancho","isPartOf":{"@id":"https:\/\/anisengrano.com\/#website"},"datePublished":"2017-04-05T12:57:15+00:00","dateModified":"2017-06-17T23:38:32+00:00","description":"Disponiamo di macchine di ultima generazione, di un nostro laboratorio per la classificazione e di 3.000 m2 riservati allo stoccaggio dei semi di anice.","breadcrumb":{"@id":"https:\/\/anisengrano.com\/it\/impianti\/#breadcrumb"},"inLanguage":"it-IT","potentialAction":[{"@type":"ReadAction","target":["https:\/\/anisengrano.com\/it\/impianti\/"]}]},{"@type":"BreadcrumbList","@id":"https:\/\/anisengrano.com\/it\/impianti\/#breadcrumb","itemListElement":[{"@type":"ListItem","position":1,"name":"Portada","item":"https:\/\/anisengrano.com\/it\/"},{"@type":"ListItem","position":2,"name":"Impianti"}]},{"@type":"WebSite","@id":"https:\/\/anisengrano.com\/#website","url":"https:\/\/anisengrano.com\/","name":"An\u00eds en Grano Sancho","description":"Exportadores y distribuidores de An\u00eds en Grano","potentialAction":[{"@type":"SearchAction","target":{"@type":"EntryPoint","urlTemplate":"https:\/\/anisengrano.com\/?s={search_term_string}"},"query-input":{"@type":"PropertyValueSpecification","valueRequired":true,"valueName":"search_term_string"}}],"inLanguage":"it-IT"}]}},"_links":{"self":[{"href":"https:\/\/anisengrano.com\/it\/wp-json\/wp\/v2\/pages\/687","targetHints":{"allow":["GET"]}}],"collection":[{"href":"https:\/\/anisengrano.com\/it\/wp-json\/wp\/v2\/pages"}],"about":[{"href":"https:\/\/anisengrano.com\/it\/wp-json\/wp\/v2\/types\/page"}],"author":[{"embeddable":true,"href":"https:\/\/anisengrano.com\/it\/wp-json\/wp\/v2\/users\/1"}],"replies":[{"embeddable":true,"href":"https:\/\/anisengrano.com\/it\/wp-json\/wp\/v2\/comments?post=687"}],"version-history":[{"count":0,"href":"https:\/\/anisengrano.com\/it\/wp-json\/wp\/v2\/pages\/687\/revisions"}],"wp:attachment":[{"href":"https:\/\/anisengrano.com\/it\/wp-json\/wp\/v2\/media?parent=687"}],"curies":[{"name":"wp","href":"https:\/\/api.w.org\/{rel}","templated":true}]}}